{"id":2815,"date":"2017-05-18T16:09:27","date_gmt":"2017-05-18T16:09:27","guid":{"rendered":"http:\/\/blnebero.serveur04.com\/blog\/?page_id=2815"},"modified":"2018-05-17T17:44:16","modified_gmt":"2018-05-17T17:44:16","slug":"cum-se-foloseste-un-pariu-gratuit-freebet-acordat-pe-netbet-ro","status":"publish","type":"page","link":"https:\/\/www.netbet.ro\/blog\/cum-se-foloseste-un-pariu-gratuit-freebet-acordat-pe-netbet-ro\/","title":{"rendered":"Cum se folose\u0219te un pariu gratuit (freebet) acordat pe NetBet.ro"},"content":{"rendered":"<p>Salut \u0219i bine ai venit \u00een lumea NetBet.<\/p>\n<p>Azi facem un exerci\u021biu scurt \u0219i rapid, \u00een care presupunem c\u0103 ai primit o notificare pe e-mail sau pe telefon, \u00een care te anun\u021b\u0103m c\u0103 \u021bi-am acordat un freebet, denumit uneori \u0219i pariu gratuit. Hai s\u0103 \u00ee\u021bi ar\u0103t\u0103m cum s\u0103 folose\u0219ti cadoul.<\/p>\n<p><iframe src=\"https:\/\/www.youtube.com\/embed\/pZUSnTm0Pq0?rel=0\" width=\"560\" height=\"315\" frameborder=\"0\" allowfullscreen=\"allowfullscreen\"><\/iframe><\/p>\n<p>Mai \u00eent\u00e2i, logheaz\u0103-te pe NetBet.ro folosind userul \u0219i parola ta.<\/p>\n<p>\u00cen partea dreapt\u0103-sus, vei observa, l\u00e2ng\u0103 numele de utilizator \u0219i soldul t\u0103u, un nou link denumit Freebet, cu un num\u0103r \u00een parantez\u0103, egal cu num\u0103rul de freebeturi disponibile \u00een cont.<\/p>\n<p>Dac\u0103 dai click pe Freebet, se deschide meniul \u201eIstoric Bonusuri\u201d, unde vezi lista freebeturilor active. Apar detalii ca valoarea fiec\u0103rui freebet \u0219i data expir\u0103rii. \u00cen tab-ul \u201eBonusuri \u0219i Freebeturi anterioare\u201d vei putea vedea ofertele expirate sau pe cele folosite deja.<\/p>\n<p>Revenim la freebeturile active \u0219i d\u0103m click pe cele 3 puncte de suspensie, provoc\u00e2nd afi\u0219area condi\u021biilor freebetului. Nerespectarea oric\u0103reia din condi\u021bii \u00eempiedic\u0103 folosirea unui freebet.<\/p>\n<p>Acum s\u0103 trecem la plasarea unui pariu folosind un freebet. S\u0103 lu\u0103m finala Ligii. De exemplu pariem la cot\u0103 3,00 c\u0103 Liverpool va c\u00e2\u0219tiga, iar \u00een biletul din dreapta ecranului apare pronosticul ales, dar \u0219i un c\u00e2mp nou denumit \u201eSelecteaz\u0103 Freebet\u201d. Cu un click, vedem toate freebeturile disponibile \u00een cont.<\/p>\n<p>Dac\u0103 select\u0103m un pariu care nu respect\u0103 termenii freebetului \u2013 de exemplu cota aleas\u0103 este mai mic\u0103 dec\u00e2t cota minim eligibil\u0103 pentru freebet, atunci \u00een biletul de pariuri nu vor fi listate freebeturile disponibile.<\/p>\n<p>Dar s\u0103 finaliz\u0103m pariul. Revenim la selec\u021bia ini\u021bial\u0103, alegem freebetul dorit \u0219i verific\u0103m datele. Pariurile plasate cu freebet pl\u0103tesc numai c\u00e2\u0219tigul efectiv, nu \u0219i miza. De aceea, la cota 3,00 \u0219i freebet de 50 de lei, c\u00e2\u0219tigul posibil va fi de 100 de lei, nu de 150 de lei.<\/p>\n<p>Finaliz\u0103m biletul ap\u0103s\u00e2nd \u201ePariaz\u0103\u201d, dup\u0103 care, dac\u0103 dorim, putem re\u021bine selec\u021bia \u0219i pentru un nou bilet sau putem elimina selec\u021biile.<\/p>\n<p>Vedem sus c\u0103 au r\u0103mas 3 freebeturi disponibile \u00een cont, iar \u00een meniul personal putem vedea toate pariurile plasate, at\u00e2t pe cele deschise c\u00e2t \u0219i pe cele stabilite.<\/p>\n<p>Haide s\u0103 plas\u0103m \u0219i un bilet combi folosind un freebet. Mai \u00eent\u00e2i, s\u0103 alegem minim dou\u0103 pariuri eligibile, care s\u0103 respecte cota minim\u0103 de 2,00. Apoi, procedura este similar\u0103. Dac\u0103 respect\u0103m condi\u021biile, sunt vizibile freebeturile \u0219i plas\u0103m pariul ca \u0219i p\u00e2n\u0103 acum.<\/p>\n<p>Sus se vede c\u0103 au r\u0103mas dou\u0103 freebeturi disponibile, iar \u00een meniul \u201eIstoric Bonusuri\u201d apar ca utilizate freebeturile tocmai folosite.<\/p>\n<p>Asta a fost tot pentru azi. Sper\u0103m c\u0103 vei putea folosi f\u0103r\u0103 dificultate freebeturile NetBet, dar dac\u0103 ai \u00eentreb\u0103ri, po\u021bi oric\u00e2nd s\u0103 ne contactezi prin metodele disponibile pe site. Mult succes!<\/p>\n","protected":false},"excerpt":{"rendered":"<p>Salut \u0219i bine ai venit \u00een lumea NetBet. Azi facem un exerci\u021biu scurt \u0219i rapid, \u00een care presupunem c\u0103 ai<\/p>\n","protected":false},"author":6,"featured_media":3352,"parent":0,"menu_order":0,"comment_status":"closed","ping_status":"closed","template":"","meta":{"footnotes":""},"class_list":["post-2815","page","type-page","status-publish","has-post-thumbnail","hentry"],"yoast_head":"<!-- This site is optimized with the Yoast SEO plugin v26.9 - https:\/\/yoast.com\/product\/yoast-seo-wordpress\/ -->\n<title>Cum se folose\u0219te un pariu gratuit (freebet) acordat pe NetBet.ro<\/title>\n<meta name=\"description\" content=\"Azi facem un exerci\u021biu \u00een care te \u00eenv\u0103\u021b\u0103m cum s\u0103 folose\u0219ti un freebet, denumit uneori \u0219i pariu gratuit. Hai s\u0103 \u00ee\u021bi ar\u0103t\u0103m cum s\u0103 folose\u0219ti cadoul.\" \/>\n<meta name=\"robots\" content=\"index, follow, max-snippet:-1, max-image-preview:large, max-video-preview:-1\" \/>\n<link rel=\"canonical\" href=\"https:\/\/www.netbet.ro\/blog\/cum-se-foloseste-un-pariu-gratuit-freebet-acordat-pe-netbet-ro\/\" \/>\n<meta property=\"og:locale\" content=\"en_US\" \/>\n<meta property=\"og:type\" content=\"article\" \/>\n<meta property=\"og:title\" content=\"Cum se folose\u0219te un pariu gratuit (freebet) acordat pe NetBet.ro\" \/>\n<meta property=\"og:description\" content=\"Azi facem un exerci\u021biu \u00een care te \u00eenv\u0103\u021b\u0103m cum s\u0103 folose\u0219ti un freebet, denumit uneori \u0219i pariu gratuit. Hai s\u0103 \u00ee\u021bi ar\u0103t\u0103m cum s\u0103 folose\u0219ti cadoul.\" \/>\n<meta property=\"og:url\" content=\"https:\/\/www.netbet.ro\/blog\/cum-se-foloseste-un-pariu-gratuit-freebet-acordat-pe-netbet-ro\/\" \/>\n<meta property=\"og:site_name\" content=\"NetBet Blog Romania\" \/>\n<meta property=\"article:publisher\" content=\"https:\/\/www.facebook.com\/netbetcom\" \/>\n<meta property=\"article:modified_time\" content=\"2018-05-17T17:44:16+00:00\" \/>\n<meta property=\"og:image\" content=\"https:\/\/www.netbet.ro\/blog\/wp-content\/uploads\/2018\/05\/folosire-freebet.png\" \/>\n\t<meta property=\"og:image:width\" content=\"1920\" \/>\n\t<meta property=\"og:image:height\" content=\"1080\" \/>\n\t<meta property=\"og:image:type\" content=\"image\/png\" \/>\n<meta name=\"twitter:card\" content=\"summary_large_image\" \/>\n<meta name=\"twitter:site\" content=\"@netbet\" \/>\n<meta name=\"twitter:label1\" content=\"Est. reading time\" \/>\n\t<meta name=\"twitter:data1\" content=\"2 minutes\" \/>\n<script type=\"application\/ld+json\" class=\"yoast-schema-graph\">{\"@context\":\"https:\/\/schema.org\",\"@graph\":[{\"@type\":\"WebPage\",\"@id\":\"https:\/\/www.netbet.ro\/blog\/cum-se-foloseste-un-pariu-gratuit-freebet-acordat-pe-netbet-ro\/\",\"url\":\"https:\/\/www.netbet.ro\/blog\/cum-se-foloseste-un-pariu-gratuit-freebet-acordat-pe-netbet-ro\/\",\"name\":\"Cum se folose\u0219te un pariu gratuit (freebet) acordat pe NetBet.ro\",\"isPartOf\":{\"@id\":\"https:\/\/www.netbet.ro\/blog\/#website\"},\"primaryImageOfPage\":{\"@id\":\"https:\/\/www.netbet.ro\/blog\/cum-se-foloseste-un-pariu-gratuit-freebet-acordat-pe-netbet-ro\/#primaryimage\"},\"image\":{\"@id\":\"https:\/\/www.netbet.ro\/blog\/cum-se-foloseste-un-pariu-gratuit-freebet-acordat-pe-netbet-ro\/#primaryimage\"},\"thumbnailUrl\":\"https:\/\/www.netbet.ro\/blog\/wp-content\/uploads\/2018\/05\/folosire-freebet.png\",\"datePublished\":\"2017-05-18T16:09:27+00:00\",\"dateModified\":\"2018-05-17T17:44:16+00:00\",\"description\":\"Azi facem un exerci\u021biu \u00een care te \u00eenv\u0103\u021b\u0103m cum s\u0103 folose\u0219ti un freebet, denumit uneori \u0219i pariu gratuit. Hai s\u0103 \u00ee\u021bi ar\u0103t\u0103m cum s\u0103 folose\u0219ti cadoul.\",\"breadcrumb\":{\"@id\":\"https:\/\/www.netbet.ro\/blog\/cum-se-foloseste-un-pariu-gratuit-freebet-acordat-pe-netbet-ro\/#breadcrumb\"},\"inLanguage\":\"en-US\",\"potentialAction\":[{\"@type\":\"ReadAction\",\"target\":[\"https:\/\/www.netbet.ro\/blog\/cum-se-foloseste-un-pariu-gratuit-freebet-acordat-pe-netbet-ro\/\"]}]},{\"@type\":\"ImageObject\",\"inLanguage\":\"en-US\",\"@id\":\"https:\/\/www.netbet.ro\/blog\/cum-se-foloseste-un-pariu-gratuit-freebet-acordat-pe-netbet-ro\/#primaryimage\",\"url\":\"https:\/\/www.netbet.ro\/blog\/wp-content\/uploads\/2018\/05\/folosire-freebet.png\",\"contentUrl\":\"https:\/\/www.netbet.ro\/blog\/wp-content\/uploads\/2018\/05\/folosire-freebet.png\",\"width\":1920,\"height\":1080},{\"@type\":\"BreadcrumbList\",\"@id\":\"https:\/\/www.netbet.ro\/blog\/cum-se-foloseste-un-pariu-gratuit-freebet-acordat-pe-netbet-ro\/#breadcrumb\",\"itemListElement\":[{\"@type\":\"ListItem\",\"position\":1,\"name\":\"Home\",\"item\":\"https:\/\/www.netbet.ro\/blog\/\"},{\"@type\":\"ListItem\",\"position\":2,\"name\":\"Cum se folose\u0219te un pariu gratuit (freebet) acordat pe NetBet.ro\"}]},{\"@type\":\"WebSite\",\"@id\":\"https:\/\/www.netbet.ro\/blog\/#website\",\"url\":\"https:\/\/www.netbet.ro\/blog\/\",\"name\":\"NetBet Blog Romania\",\"description\":\"Facem pariurile mai interesante\",\"potentialAction\":[{\"@type\":\"SearchAction\",\"target\":{\"@type\":\"EntryPoint\",\"urlTemplate\":\"https:\/\/www.netbet.ro\/blog\/?s={search_term_string}\"},\"query-input\":{\"@type\":\"PropertyValueSpecification\",\"valueRequired\":true,\"valueName\":\"search_term_string\"}}],\"inLanguage\":\"en-US\"}]}<\/script>\n<!-- \/ Yoast SEO plugin. -->","yoast_head_json":{"title":"Cum se folose\u0219te un pariu gratuit (freebet) acordat pe NetBet.ro","description":"Azi facem un exerci\u021biu \u00een care te \u00eenv\u0103\u021b\u0103m cum s\u0103 folose\u0219ti un freebet, denumit uneori \u0219i pariu gratuit. Hai s\u0103 \u00ee\u021bi ar\u0103t\u0103m cum s\u0103 folose\u0219ti cadoul.","robots":{"index":"index","follow":"follow","max-snippet":"max-snippet:-1","max-image-preview":"max-image-preview:large","max-video-preview":"max-video-preview:-1"},"canonical":"https:\/\/www.netbet.ro\/blog\/cum-se-foloseste-un-pariu-gratuit-freebet-acordat-pe-netbet-ro\/","og_locale":"en_US","og_type":"article","og_title":"Cum se folose\u0219te un pariu gratuit (freebet) acordat pe NetBet.ro","og_description":"Azi facem un exerci\u021biu \u00een care te \u00eenv\u0103\u021b\u0103m cum s\u0103 folose\u0219ti un freebet, denumit uneori \u0219i pariu gratuit. Hai s\u0103 \u00ee\u021bi ar\u0103t\u0103m cum s\u0103 folose\u0219ti cadoul.","og_url":"https:\/\/www.netbet.ro\/blog\/cum-se-foloseste-un-pariu-gratuit-freebet-acordat-pe-netbet-ro\/","og_site_name":"NetBet Blog Romania","article_publisher":"https:\/\/www.facebook.com\/netbetcom","article_modified_time":"2018-05-17T17:44:16+00:00","og_image":[{"width":1920,"height":1080,"url":"https:\/\/www.netbet.ro\/blog\/wp-content\/uploads\/2018\/05\/folosire-freebet.png","type":"image\/png"}],"twitter_card":"summary_large_image","twitter_site":"@netbet","twitter_misc":{"Est. reading time":"2 minutes"},"schema":{"@context":"https:\/\/schema.org","@graph":[{"@type":"WebPage","@id":"https:\/\/www.netbet.ro\/blog\/cum-se-foloseste-un-pariu-gratuit-freebet-acordat-pe-netbet-ro\/","url":"https:\/\/www.netbet.ro\/blog\/cum-se-foloseste-un-pariu-gratuit-freebet-acordat-pe-netbet-ro\/","name":"Cum se folose\u0219te un pariu gratuit (freebet) acordat pe NetBet.ro","isPartOf":{"@id":"https:\/\/www.netbet.ro\/blog\/#website"},"primaryImageOfPage":{"@id":"https:\/\/www.netbet.ro\/blog\/cum-se-foloseste-un-pariu-gratuit-freebet-acordat-pe-netbet-ro\/#primaryimage"},"image":{"@id":"https:\/\/www.netbet.ro\/blog\/cum-se-foloseste-un-pariu-gratuit-freebet-acordat-pe-netbet-ro\/#primaryimage"},"thumbnailUrl":"https:\/\/www.netbet.ro\/blog\/wp-content\/uploads\/2018\/05\/folosire-freebet.png","datePublished":"2017-05-18T16:09:27+00:00","dateModified":"2018-05-17T17:44:16+00:00","description":"Azi facem un exerci\u021biu \u00een care te \u00eenv\u0103\u021b\u0103m cum s\u0103 folose\u0219ti un freebet, denumit uneori \u0219i pariu gratuit. Hai s\u0103 \u00ee\u021bi ar\u0103t\u0103m cum s\u0103 folose\u0219ti cadoul.","breadcrumb":{"@id":"https:\/\/www.netbet.ro\/blog\/cum-se-foloseste-un-pariu-gratuit-freebet-acordat-pe-netbet-ro\/#breadcrumb"},"inLanguage":"en-US","potentialAction":[{"@type":"ReadAction","target":["https:\/\/www.netbet.ro\/blog\/cum-se-foloseste-un-pariu-gratuit-freebet-acordat-pe-netbet-ro\/"]}]},{"@type":"ImageObject","inLanguage":"en-US","@id":"https:\/\/www.netbet.ro\/blog\/cum-se-foloseste-un-pariu-gratuit-freebet-acordat-pe-netbet-ro\/#primaryimage","url":"https:\/\/www.netbet.ro\/blog\/wp-content\/uploads\/2018\/05\/folosire-freebet.png","contentUrl":"https:\/\/www.netbet.ro\/blog\/wp-content\/uploads\/2018\/05\/folosire-freebet.png","width":1920,"height":1080},{"@type":"BreadcrumbList","@id":"https:\/\/www.netbet.ro\/blog\/cum-se-foloseste-un-pariu-gratuit-freebet-acordat-pe-netbet-ro\/#breadcrumb","itemListElement":[{"@type":"ListItem","position":1,"name":"Home","item":"https:\/\/www.netbet.ro\/blog\/"},{"@type":"ListItem","position":2,"name":"Cum se folose\u0219te un pariu gratuit (freebet) acordat pe NetBet.ro"}]},{"@type":"WebSite","@id":"https:\/\/www.netbet.ro\/blog\/#website","url":"https:\/\/www.netbet.ro\/blog\/","name":"NetBet Blog Romania","description":"Facem pariurile mai interesante","potentialAction":[{"@type":"SearchAction","target":{"@type":"EntryPoint","urlTemplate":"https:\/\/www.netbet.ro\/blog\/?s={search_term_string}"},"query-input":{"@type":"PropertyValueSpecification","valueRequired":true,"valueName":"search_term_string"}}],"inLanguage":"en-US"}]}},"amp_enabled":true,"_links":{"self":[{"href":"https:\/\/www.netbet.ro\/blog\/wp-json\/wp\/v2\/pages\/2815","targetHints":{"allow":["GET"]}}],"collection":[{"href":"https:\/\/www.netbet.ro\/blog\/wp-json\/wp\/v2\/pages"}],"about":[{"href":"https:\/\/www.netbet.ro\/blog\/wp-json\/wp\/v2\/types\/page"}],"author":[{"embeddable":true,"href":"https:\/\/www.netbet.ro\/blog\/wp-json\/wp\/v2\/users\/6"}],"replies":[{"embeddable":true,"href":"https:\/\/www.netbet.ro\/blog\/wp-json\/wp\/v2\/comments?post=2815"}],"version-history":[{"count":5,"href":"https:\/\/www.netbet.ro\/blog\/wp-json\/wp\/v2\/pages\/2815\/revisions"}],"predecessor-version":[{"id":3351,"href":"https:\/\/www.netbet.ro\/blog\/wp-json\/wp\/v2\/pages\/2815\/revisions\/3351"}],"wp:featuredmedia":[{"embeddable":true,"href":"https:\/\/www.netbet.ro\/blog\/wp-json\/wp\/v2\/media\/3352"}],"wp:attachment":[{"href":"https:\/\/www.netbet.ro\/blog\/wp-json\/wp\/v2\/media?parent=2815"}],"curies":[{"name":"wp","href":"https:\/\/api.w.org\/{rel}","templated":true}]}}