{"id":2827,"date":"2017-05-23T12:24:52","date_gmt":"2017-05-23T12:24:52","guid":{"rendered":"http:\/\/blnebero.serveur04.com\/blog\/?page_id=2827"},"modified":"2025-04-04T11:53:32","modified_gmt":"2025-04-04T11:53:32","slug":"tutoriale-netbet","status":"publish","type":"page","link":"https:\/\/www.netbet.ro\/blog\/tutoriale-netbet\/","title":{"rendered":"Tutoriale NetBet"},"content":{"rendered":"<p>\u00cen aceast\u0103 pagin\u0103 sunt publicate tutoriale despre cum se utilizeaz\u0103 diferite servicii \u0219i func\u021bii ale platformei NetBet, precum \u00eenregistrarea unui cont, folosirea unui pariu gratuit, declan\u0219area unor runde gratuite \u0219i a\u0219a mai departe.<\/p>\n<div class=\"mks_col \">\n<div class=\"mks_one_third \"><a href=\"https:\/\/www.netbet.ro\/blog\/cum-sa-deschizi-un-cont-netbet\/\"><img fetchpriority=\"high\" decoding=\"async\" class=\"alignnone wp-image-12743 size-wp_review_large\" src=\"https:\/\/blog.netbet.ro\/blog\/wp-content\/uploads\/2025\/04\/register-account-320x200.webp\" alt=\"Cum deschizi un cont nou\" width=\"320\" height=\"200\" srcset=\"https:\/\/www.netbet.ro\/blog\/wp-content\/uploads\/2025\/04\/register-account-320x200.webp 320w, https:\/\/www.netbet.ro\/blog\/wp-content\/uploads\/2025\/04\/register-account-960x600.webp 960w\" sizes=\"(max-width: 320px) 100vw, 320px\" \/><\/a><br \/>\n<div class=\"mks_separator\" style=\"height: 2px;\"><\/div>\n<a class=\"mks_button mks_button_small squared\" href=\"https:\/\/www.netbet.ro\/blog\/cum-sa-deschizi-un-cont-netbet\/\" target=\"_self\" style=\"color: #FFFFFF; background-color: #0a0a0a;\" >Cum s\u0103 deschizi un cont NetBet<\/a>\n<\/div>\n<div class=\"mks_one_third \"><a href=\"https:\/\/www.netbet.ro\/blog\/cum-se-foloseste-un-pariu-gratuit-freebet-acordat-pe-netbet-ro\/\"><img decoding=\"async\" class=\"alignnone wp-image-12745 size-wp_review_large\" src=\"https:\/\/blog.netbet.ro\/blog\/wp-content\/uploads\/2025\/04\/folosire-freebet-320x200.webp\" alt=\"\" width=\"320\" height=\"200\" srcset=\"https:\/\/www.netbet.ro\/blog\/wp-content\/uploads\/2025\/04\/folosire-freebet-320x200.webp 320w, https:\/\/www.netbet.ro\/blog\/wp-content\/uploads\/2025\/04\/folosire-freebet-960x600.webp 960w\" sizes=\"(max-width: 320px) 100vw, 320px\" \/><\/a><br \/>\n<div class=\"mks_separator\" style=\"height: 2px;\"><\/div>\n<a class=\"mks_button mks_button_small squared\" href=\"https:\/\/www.netbet.ro\/blog\/cum-se-foloseste-un-pariu-gratuit-freebet-acordat-pe-netbet-ro\/\" target=\"_self\" style=\"color: #FFFFFF; background-color: #0a0a0a;\" >Cum s\u0103 folose\u0219ti un pariu gratuit (freebet)<\/a><\/div>\n<div class=\"mks_one_third \"><a href=\"https:\/\/www.netbet.ro\/blog\/tutoriale-netbet\/cash-out-partial-sau-total\/\"><img decoding=\"async\" class=\"alignnone wp-image-12746 size-wp_review_large\" src=\"https:\/\/blog.netbet.ro\/blog\/wp-content\/uploads\/2025\/04\/cashout-netbet-320x200.webp\" alt=\"\" width=\"320\" height=\"200\" srcset=\"https:\/\/www.netbet.ro\/blog\/wp-content\/uploads\/2025\/04\/cashout-netbet-320x200.webp 320w, https:\/\/www.netbet.ro\/blog\/wp-content\/uploads\/2025\/04\/cashout-netbet-960x600.webp 960w\" sizes=\"(max-width: 320px) 100vw, 320px\" \/><\/a><br \/>\n<div class=\"mks_separator\" style=\"height: 2px;\"><\/div>\n<a class=\"mks_button mks_button_small squared\" href=\"https:\/\/www.netbet.ro\/blog\/tutoriale-netbet\/cash-out-partial-sau-total\/\" target=\"_self\" style=\"color: #FFFFFF; background-color: #0a0a0a;\" >Cash Out Par\u021bial sau Total<\/a><\/div>\n<\/div>\n<div class=\"mks_col \">\n<div class=\"mks_one_third \"><a href=\"https:\/\/www.netbet.ro\/blog\/tutoriale-netbet\/bet-maker\/\"><img loading=\"lazy\" decoding=\"async\" class=\"alignnone wp-image-12747 size-wp_review_large\" src=\"https:\/\/blog.netbet.ro\/blog\/wp-content\/uploads\/2025\/04\/betmaker-320x200.webp\" alt=\"\" width=\"320\" height=\"200\" srcset=\"https:\/\/www.netbet.ro\/blog\/wp-content\/uploads\/2025\/04\/betmaker-320x200.webp 320w, https:\/\/www.netbet.ro\/blog\/wp-content\/uploads\/2025\/04\/betmaker-960x600.webp 960w\" sizes=\"(max-width: 320px) 100vw, 320px\" \/><\/a><br \/>\n<div class=\"mks_separator\" style=\"height: 2px;\"><\/div><a class=\"mks_button mks_button_small squared\" href=\"https:\/\/www.netbet.ro\/blog\/tutoriale-netbet\/bet-maker\/\" target=\"_self\" style=\"color: #FFFFFF; background-color: #0a0a0a;\" >NetBet Creare Pariu \u2013 Bet Maker<\/a><\/div>\n<div class=\"mks_one_third \"> <a href=\"https:\/\/www.netbet.ro\/blog\/tutorial-netbet-casino-vouchere-free-play-pentru-jocurile-live-de-la-evolution\/\"><img loading=\"lazy\" decoding=\"async\" class=\"alignnone wp-image-12748 size-wp_review_large\" src=\"https:\/\/blog.netbet.ro\/blog\/wp-content\/uploads\/2025\/04\/tutorial-voucher-free-play-320x200.png\" alt=\"\" width=\"320\" height=\"200\" srcset=\"https:\/\/www.netbet.ro\/blog\/wp-content\/uploads\/2025\/04\/tutorial-voucher-free-play-320x200.png 320w, https:\/\/www.netbet.ro\/blog\/wp-content\/uploads\/2025\/04\/tutorial-voucher-free-play-960x600.png 960w\" sizes=\"(max-width: 320px) 100vw, 320px\" \/><\/a><br \/>\n<div class=\"mks_separator\" style=\"height: 2px;\"><\/div><a class=\"mks_button mks_button_small squared\" href=\"https:\/\/www.netbet.ro\/blog\/tutorial-netbet-casino-vouchere-free-play-pentru-jocurile-live-de-la-evolution\/\" target=\"_self\" style=\"color: #FFFFFF; background-color: #0a0a0a;\" >Activare voucher Free Play \/  Free Game<\/a><\/div>\n<\/div>\n","protected":false},"excerpt":{"rendered":"<p>\u00cen aceast\u0103 pagin\u0103 sunt publicate tutoriale despre cum se utilizeaz\u0103 diferite servicii \u0219i func\u021bii ale platformei NetBet, precum \u00eenregistrarea unui<\/p>\n","protected":false},"author":6,"featured_media":0,"parent":0,"menu_order":0,"comment_status":"closed","ping_status":"closed","template":"","meta":{"footnotes":""},"class_list":["post-2827","page","type-page","status-publish","hentry"],"yoast_head":"<!-- This site is optimized with the Yoast SEO plugin v26.9 - https:\/\/yoast.com\/product\/yoast-seo-wordpress\/ -->\n<title>Tutoriale NetBet | NetBet Blog Romania<\/title>\n<meta name=\"robots\" content=\"index, follow, max-snippet:-1, max-image-preview:large, max-video-preview:-1\" \/>\n<link rel=\"canonical\" href=\"https:\/\/www.netbet.ro\/blog\/tutoriale-netbet\/\" \/>\n<meta property=\"og:locale\" content=\"en_US\" \/>\n<meta property=\"og:type\" content=\"article\" \/>\n<meta property=\"og:title\" content=\"Tutoriale NetBet | NetBet Blog Romania\" \/>\n<meta property=\"og:description\" content=\"\u00cen aceast\u0103 pagin\u0103 sunt publicate tutoriale despre cum se utilizeaz\u0103 diferite servicii \u0219i func\u021bii ale platformei NetBet, precum \u00eenregistrarea unui\" \/>\n<meta property=\"og:url\" content=\"https:\/\/www.netbet.ro\/blog\/tutoriale-netbet\/\" \/>\n<meta property=\"og:site_name\" content=\"NetBet Blog Romania\" \/>\n<meta property=\"article:publisher\" content=\"https:\/\/www.facebook.com\/netbetcom\" \/>\n<meta property=\"article:modified_time\" content=\"2025-04-04T11:53:32+00:00\" \/>\n<meta property=\"og:image\" content=\"https:\/\/blog.netbet.ro\/blog\/wp-content\/uploads\/2025\/04\/register-account-320x200.webp\" \/>\n<meta name=\"twitter:card\" content=\"summary_large_image\" \/>\n<meta name=\"twitter:site\" content=\"@netbet\" \/>\n<meta name=\"twitter:label1\" content=\"Est. reading time\" \/>\n\t<meta name=\"twitter:data1\" content=\"2 minutes\" \/>\n<script type=\"application\/ld+json\" class=\"yoast-schema-graph\">{\"@context\":\"https:\/\/schema.org\",\"@graph\":[{\"@type\":\"WebPage\",\"@id\":\"https:\/\/www.netbet.ro\/blog\/tutoriale-netbet\/\",\"url\":\"https:\/\/www.netbet.ro\/blog\/tutoriale-netbet\/\",\"name\":\"Tutoriale NetBet | NetBet Blog Romania\",\"isPartOf\":{\"@id\":\"https:\/\/www.netbet.ro\/blog\/#website\"},\"primaryImageOfPage\":{\"@id\":\"https:\/\/www.netbet.ro\/blog\/tutoriale-netbet\/#primaryimage\"},\"image\":{\"@id\":\"https:\/\/www.netbet.ro\/blog\/tutoriale-netbet\/#primaryimage\"},\"thumbnailUrl\":\"https:\/\/blog.netbet.ro\/blog\/wp-content\/uploads\/2025\/04\/register-account-320x200.webp\",\"datePublished\":\"2017-05-23T12:24:52+00:00\",\"dateModified\":\"2025-04-04T11:53:32+00:00\",\"breadcrumb\":{\"@id\":\"https:\/\/www.netbet.ro\/blog\/tutoriale-netbet\/#breadcrumb\"},\"inLanguage\":\"en-US\",\"potentialAction\":[{\"@type\":\"ReadAction\",\"target\":[\"https:\/\/www.netbet.ro\/blog\/tutoriale-netbet\/\"]}]},{\"@type\":\"ImageObject\",\"inLanguage\":\"en-US\",\"@id\":\"https:\/\/www.netbet.ro\/blog\/tutoriale-netbet\/#primaryimage\",\"url\":\"https:\/\/blog.netbet.ro\/blog\/wp-content\/uploads\/2025\/04\/register-account-320x200.webp\",\"contentUrl\":\"https:\/\/blog.netbet.ro\/blog\/wp-content\/uploads\/2025\/04\/register-account-320x200.webp\"},{\"@type\":\"BreadcrumbList\",\"@id\":\"https:\/\/www.netbet.ro\/blog\/tutoriale-netbet\/#breadcrumb\",\"itemListElement\":[{\"@type\":\"ListItem\",\"position\":1,\"name\":\"Home\",\"item\":\"https:\/\/www.netbet.ro\/blog\/\"},{\"@type\":\"ListItem\",\"position\":2,\"name\":\"Tutoriale NetBet\"}]},{\"@type\":\"WebSite\",\"@id\":\"https:\/\/www.netbet.ro\/blog\/#website\",\"url\":\"https:\/\/www.netbet.ro\/blog\/\",\"name\":\"NetBet Blog Romania\",\"description\":\"Facem pariurile mai interesante\",\"potentialAction\":[{\"@type\":\"SearchAction\",\"target\":{\"@type\":\"EntryPoint\",\"urlTemplate\":\"https:\/\/www.netbet.ro\/blog\/?s={search_term_string}\"},\"query-input\":{\"@type\":\"PropertyValueSpecification\",\"valueRequired\":true,\"valueName\":\"search_term_string\"}}],\"inLanguage\":\"en-US\"}]}<\/script>\n<!-- \/ Yoast SEO plugin. -->","yoast_head_json":{"title":"Tutoriale NetBet | NetBet Blog Romania","robots":{"index":"index","follow":"follow","max-snippet":"max-snippet:-1","max-image-preview":"max-image-preview:large","max-video-preview":"max-video-preview:-1"},"canonical":"https:\/\/www.netbet.ro\/blog\/tutoriale-netbet\/","og_locale":"en_US","og_type":"article","og_title":"Tutoriale NetBet | NetBet Blog Romania","og_description":"\u00cen aceast\u0103 pagin\u0103 sunt publicate tutoriale despre cum se utilizeaz\u0103 diferite servicii \u0219i func\u021bii ale platformei NetBet, precum \u00eenregistrarea unui","og_url":"https:\/\/www.netbet.ro\/blog\/tutoriale-netbet\/","og_site_name":"NetBet Blog Romania","article_publisher":"https:\/\/www.facebook.com\/netbetcom","article_modified_time":"2025-04-04T11:53:32+00:00","og_image":[{"url":"https:\/\/blog.netbet.ro\/blog\/wp-content\/uploads\/2025\/04\/register-account-320x200.webp","type":"","width":"","height":""}],"twitter_card":"summary_large_image","twitter_site":"@netbet","twitter_misc":{"Est. reading time":"2 minutes"},"schema":{"@context":"https:\/\/schema.org","@graph":[{"@type":"WebPage","@id":"https:\/\/www.netbet.ro\/blog\/tutoriale-netbet\/","url":"https:\/\/www.netbet.ro\/blog\/tutoriale-netbet\/","name":"Tutoriale NetBet | NetBet Blog Romania","isPartOf":{"@id":"https:\/\/www.netbet.ro\/blog\/#website"},"primaryImageOfPage":{"@id":"https:\/\/www.netbet.ro\/blog\/tutoriale-netbet\/#primaryimage"},"image":{"@id":"https:\/\/www.netbet.ro\/blog\/tutoriale-netbet\/#primaryimage"},"thumbnailUrl":"https:\/\/blog.netbet.ro\/blog\/wp-content\/uploads\/2025\/04\/register-account-320x200.webp","datePublished":"2017-05-23T12:24:52+00:00","dateModified":"2025-04-04T11:53:32+00:00","breadcrumb":{"@id":"https:\/\/www.netbet.ro\/blog\/tutoriale-netbet\/#breadcrumb"},"inLanguage":"en-US","potentialAction":[{"@type":"ReadAction","target":["https:\/\/www.netbet.ro\/blog\/tutoriale-netbet\/"]}]},{"@type":"ImageObject","inLanguage":"en-US","@id":"https:\/\/www.netbet.ro\/blog\/tutoriale-netbet\/#primaryimage","url":"https:\/\/blog.netbet.ro\/blog\/wp-content\/uploads\/2025\/04\/register-account-320x200.webp","contentUrl":"https:\/\/blog.netbet.ro\/blog\/wp-content\/uploads\/2025\/04\/register-account-320x200.webp"},{"@type":"BreadcrumbList","@id":"https:\/\/www.netbet.ro\/blog\/tutoriale-netbet\/#breadcrumb","itemListElement":[{"@type":"ListItem","position":1,"name":"Home","item":"https:\/\/www.netbet.ro\/blog\/"},{"@type":"ListItem","position":2,"name":"Tutoriale NetBet"}]},{"@type":"WebSite","@id":"https:\/\/www.netbet.ro\/blog\/#website","url":"https:\/\/www.netbet.ro\/blog\/","name":"NetBet Blog Romania","description":"Facem pariurile mai interesante","potentialAction":[{"@type":"SearchAction","target":{"@type":"EntryPoint","urlTemplate":"https:\/\/www.netbet.ro\/blog\/?s={search_term_string}"},"query-input":{"@type":"PropertyValueSpecification","valueRequired":true,"valueName":"search_term_string"}}],"inLanguage":"en-US"}]}},"amp_enabled":true,"_links":{"self":[{"href":"https:\/\/www.netbet.ro\/blog\/wp-json\/wp\/v2\/pages\/2827","targetHints":{"allow":["GET"]}}],"collection":[{"href":"https:\/\/www.netbet.ro\/blog\/wp-json\/wp\/v2\/pages"}],"about":[{"href":"https:\/\/www.netbet.ro\/blog\/wp-json\/wp\/v2\/types\/page"}],"author":[{"embeddable":true,"href":"https:\/\/www.netbet.ro\/blog\/wp-json\/wp\/v2\/users\/6"}],"replies":[{"embeddable":true,"href":"https:\/\/www.netbet.ro\/blog\/wp-json\/wp\/v2\/comments?post=2827"}],"version-history":[{"count":11,"href":"https:\/\/www.netbet.ro\/blog\/wp-json\/wp\/v2\/pages\/2827\/revisions"}],"predecessor-version":[{"id":12758,"href":"https:\/\/www.netbet.ro\/blog\/wp-json\/wp\/v2\/pages\/2827\/revisions\/12758"}],"wp:attachment":[{"href":"https:\/\/www.netbet.ro\/blog\/wp-json\/wp\/v2\/media?parent=2827"}],"curies":[{"name":"wp","href":"https:\/\/api.w.org\/{rel}","templated":true}]}}