{"id":3102,"date":"2017-09-06T15:50:48","date_gmt":"2017-09-06T15:50:48","guid":{"rendered":"http:\/\/blnebero.serveur04.com\/blog\/?page_id=3102"},"modified":"2017-09-06T15:50:48","modified_gmt":"2017-09-06T15:50:48","slug":"cum-sa-deschizi-un-cont-netbet","status":"publish","type":"page","link":"https:\/\/www.netbet.ro\/blog\/cum-sa-deschizi-un-cont-netbet\/","title":{"rendered":"Cum s\u0103 deschizi un cont NetBet"},"content":{"rendered":"<p><iframe src=\"https:\/\/www.youtube.com\/embed\/f3wyFGh6PE8?rel=0\" width=\"560\" height=\"315\" frameborder=\"0\" allowfullscreen=\"allowfullscreen\"><\/iframe><\/p>\n<p>Salut,<\/p>\n<p>\u00cen acest tutorial \u00ee\u021bi ar\u0103t\u0103m ce ai de f\u0103cut pentru a deschide un cont de juc\u0103tor pe platforma NetBet Rom\u00e2nia. \u00cen c\u00e2teva clipe vei intra \u00een fascinanta lume NetBet, unde te a\u0219teapt\u0103 nenum\u0103rate jocuri, promo\u021bii \u0219i oferte.<\/p>\n<h3><strong>Primul pas<\/strong><\/h3>\n<p>Primul pas este s\u0103 deschizi siteul NetBet.ro, apoi s\u0103 dai click \u00een partea dreapt\u0103 sus pe butonul \u201e\u00ceNREGISTRARE\u201d.<\/p>\n<p>\u00cen formularul care se deschide, completeaz\u0103 informa\u021biile necesare. Noi vom folosi datele unui cont nou de test \u00een acest clip.<\/p>\n<p>\u00cen primul r\u00e2nd, trebuie introdus\u0103 o adres\u0103 de e-mail, trebuie aleas\u0103 o parol\u0103 \u0219i setate datele de baz\u0103: moneda \u00een care se pot efectua opera\u021biuni \u0219i \u021bara de re\u0219edin\u021b\u0103. Fiind \u00een Rom\u00e2nia, moneda este RON\u00a0 sau leul rom\u00e2nesc, iar \u021bara, evident, Rom\u00e2nia.<\/p>\n<p>Apoi bif\u0103m c\u0103su\u021ba \u201eNu sunt robot\u201d, complet\u0103m cerin\u021bele CAPTCHA \u0219i mergem mai departe la pasul 2.<\/p>\n<h3>Date personale<\/h3>\n<p>La \u201eDate Personale\u201d trebuie completate informa\u021bii de baz\u0103, precum Prenume, Nume, dar \u0219i username sau nume de utilizator pentru contul pe NetBet. Este important s\u0103 alegi un nume de utilizator care s\u0103 respecte termenii \u0219i condi\u021biile. O combina\u021bie a numelui t\u0103u, ceva reprezentativ pentru tine ar trebui s\u0103 fie \u00een regul\u0103. Mai adaugi data na\u0219terii \u0219i, dup\u0103 ce ai completat toate c\u00e2mpurile, se activeaz\u0103 butonul \u201eAcceseaz\u0103 pagina urm\u0103toare\u201d.<\/p>\n<h3>Urm\u0103torul pas<\/h3>\n<p>La urm\u0103torul pas se completeaz\u0103 detaliile personale precum adresa \u0219i num\u0103rul de telefon.<\/p>\n<p>Dac\u0103 ai \u00eendeplinit cu succes pa\u0219ii de p\u00e2n\u0103 acum, vei ajunge pe ultima pagin\u0103 a formularului, \u00een care po\u021bi s\u0103 introduci un cod bonus de start, dac\u0103 dispui de unul. Trebuie s\u0103 bifezi c\u0103 accep\u021bi Termenii \u0219i Condi\u021biile, apoi dai click pe \u201e\u00cencepe s\u0103 joci\u201d.<\/p>\n<p>\u00cen acest moment, contul t\u0103u NetBet este creat \u0219i po\u021bi alege orice joc din oferta noastr\u0103. Po\u021bi s\u0103 \u00ee\u021bi alimentezi contul folosind una din metodele de depunere oferite, po\u021bi s\u0103 testezi jocurile sau s\u0103 te bucuri de promo\u021bii de tot felul.<\/p>\n<h3>\u00cencepe jocul<\/h3>\n<p>Dac\u0103 ai nel\u0103muriri, colegii de la departamentul de suport \u00ee\u021bi stau la dispozi\u021bie prin Live-Chat, pe email sau pe telefon. Cu un click pe fereastra din partea dreapt\u0103 jos vei ajunge pe pagina de ajutor, unde g\u0103se\u0219ti informa\u021bii despre tot ce \u00eenseamn\u0103 NetBet.<\/p>\n<p>\u00ce\u021bi dorim distrac\u021bie pl\u0103cut\u0103 \u0219i mult succes!<\/p>\n","protected":false},"excerpt":{"rendered":"<p>Salut, \u00cen acest tutorial \u00ee\u021bi ar\u0103t\u0103m ce ai de f\u0103cut pentru a deschide un cont de juc\u0103tor pe platforma NetBet<\/p>\n","protected":false},"author":2,"featured_media":3103,"parent":0,"menu_order":0,"comment_status":"closed","ping_status":"closed","template":"","meta":{"footnotes":""},"class_list":["post-3102","page","type-page","status-publish","has-post-thumbnail","hentry"],"yoast_head":"<!-- This site is optimized with the Yoast SEO plugin v26.9 - https:\/\/yoast.com\/product\/yoast-seo-wordpress\/ -->\n<title>Cum s\u0103 deschizi un cont de pariuri online la NetBet.ro<\/title>\n<meta name=\"description\" content=\"Uite ce ai de f\u0103cut pentru a deschide un cont NetBet.ro. \u00cen c\u00e2teva clipe vei intra \u00een fascinanta lume NetBet, unde te a\u0219teapt\u0103 jocuri, promo\u021bii \u0219i oferte.\" \/>\n<meta name=\"robots\" content=\"index, follow, max-snippet:-1, max-image-preview:large, max-video-preview:-1\" \/>\n<link rel=\"canonical\" href=\"https:\/\/www.netbet.ro\/blog\/cum-sa-deschizi-un-cont-netbet\/\" \/>\n<meta property=\"og:locale\" content=\"en_US\" \/>\n<meta property=\"og:type\" content=\"article\" \/>\n<meta property=\"og:title\" content=\"Cum s\u0103 deschizi un cont de pariuri online la NetBet.ro\" \/>\n<meta property=\"og:description\" content=\"Uite ce ai de f\u0103cut pentru a deschide un cont NetBet.ro. \u00cen c\u00e2teva clipe vei intra \u00een fascinanta lume NetBet, unde te a\u0219teapt\u0103 jocuri, promo\u021bii \u0219i oferte.\" \/>\n<meta property=\"og:url\" content=\"https:\/\/www.netbet.ro\/blog\/cum-sa-deschizi-un-cont-netbet\/\" \/>\n<meta property=\"og:site_name\" content=\"NetBet Blog Romania\" \/>\n<meta property=\"article:publisher\" content=\"https:\/\/www.facebook.com\/netbetcom\" \/>\n<meta property=\"og:image\" content=\"https:\/\/www.netbet.ro\/blog\/wp-content\/uploads\/2017\/09\/register-account.png\" \/>\n\t<meta property=\"og:image:width\" content=\"1920\" \/>\n\t<meta property=\"og:image:height\" content=\"1080\" \/>\n\t<meta property=\"og:image:type\" content=\"image\/png\" \/>\n<meta name=\"twitter:card\" content=\"summary_large_image\" \/>\n<meta name=\"twitter:site\" content=\"@netbet\" \/>\n<meta name=\"twitter:label1\" content=\"Est. reading time\" \/>\n\t<meta name=\"twitter:data1\" content=\"2 minutes\" \/>\n<script type=\"application\/ld+json\" class=\"yoast-schema-graph\">{\"@context\":\"https:\/\/schema.org\",\"@graph\":[{\"@type\":\"WebPage\",\"@id\":\"https:\/\/www.netbet.ro\/blog\/cum-sa-deschizi-un-cont-netbet\/\",\"url\":\"https:\/\/www.netbet.ro\/blog\/cum-sa-deschizi-un-cont-netbet\/\",\"name\":\"Cum s\u0103 deschizi un cont de pariuri online la NetBet.ro\",\"isPartOf\":{\"@id\":\"https:\/\/www.netbet.ro\/blog\/#website\"},\"primaryImageOfPage\":{\"@id\":\"https:\/\/www.netbet.ro\/blog\/cum-sa-deschizi-un-cont-netbet\/#primaryimage\"},\"image\":{\"@id\":\"https:\/\/www.netbet.ro\/blog\/cum-sa-deschizi-un-cont-netbet\/#primaryimage\"},\"thumbnailUrl\":\"https:\/\/www.netbet.ro\/blog\/wp-content\/uploads\/2017\/09\/register-account.png\",\"datePublished\":\"2017-09-06T15:50:48+00:00\",\"description\":\"Uite ce ai de f\u0103cut pentru a deschide un cont NetBet.ro. \u00cen c\u00e2teva clipe vei intra \u00een fascinanta lume NetBet, unde te a\u0219teapt\u0103 jocuri, promo\u021bii \u0219i oferte.\",\"breadcrumb\":{\"@id\":\"https:\/\/www.netbet.ro\/blog\/cum-sa-deschizi-un-cont-netbet\/#breadcrumb\"},\"inLanguage\":\"en-US\",\"potentialAction\":[{\"@type\":\"ReadAction\",\"target\":[\"https:\/\/www.netbet.ro\/blog\/cum-sa-deschizi-un-cont-netbet\/\"]}]},{\"@type\":\"ImageObject\",\"inLanguage\":\"en-US\",\"@id\":\"https:\/\/www.netbet.ro\/blog\/cum-sa-deschizi-un-cont-netbet\/#primaryimage\",\"url\":\"https:\/\/www.netbet.ro\/blog\/wp-content\/uploads\/2017\/09\/register-account.png\",\"contentUrl\":\"https:\/\/www.netbet.ro\/blog\/wp-content\/uploads\/2017\/09\/register-account.png\",\"width\":1920,\"height\":1080},{\"@type\":\"BreadcrumbList\",\"@id\":\"https:\/\/www.netbet.ro\/blog\/cum-sa-deschizi-un-cont-netbet\/#breadcrumb\",\"itemListElement\":[{\"@type\":\"ListItem\",\"position\":1,\"name\":\"Home\",\"item\":\"https:\/\/www.netbet.ro\/blog\/\"},{\"@type\":\"ListItem\",\"position\":2,\"name\":\"Cum s\u0103 deschizi un cont NetBet\"}]},{\"@type\":\"WebSite\",\"@id\":\"https:\/\/www.netbet.ro\/blog\/#website\",\"url\":\"https:\/\/www.netbet.ro\/blog\/\",\"name\":\"NetBet Blog Romania\",\"description\":\"Facem pariurile mai interesante\",\"potentialAction\":[{\"@type\":\"SearchAction\",\"target\":{\"@type\":\"EntryPoint\",\"urlTemplate\":\"https:\/\/www.netbet.ro\/blog\/?s={search_term_string}\"},\"query-input\":{\"@type\":\"PropertyValueSpecification\",\"valueRequired\":true,\"valueName\":\"search_term_string\"}}],\"inLanguage\":\"en-US\"}]}<\/script>\n<!-- \/ Yoast SEO plugin. -->","yoast_head_json":{"title":"Cum s\u0103 deschizi un cont de pariuri online la NetBet.ro","description":"Uite ce ai de f\u0103cut pentru a deschide un cont NetBet.ro. \u00cen c\u00e2teva clipe vei intra \u00een fascinanta lume NetBet, unde te a\u0219teapt\u0103 jocuri, promo\u021bii \u0219i oferte.","robots":{"index":"index","follow":"follow","max-snippet":"max-snippet:-1","max-image-preview":"max-image-preview:large","max-video-preview":"max-video-preview:-1"},"canonical":"https:\/\/www.netbet.ro\/blog\/cum-sa-deschizi-un-cont-netbet\/","og_locale":"en_US","og_type":"article","og_title":"Cum s\u0103 deschizi un cont de pariuri online la NetBet.ro","og_description":"Uite ce ai de f\u0103cut pentru a deschide un cont NetBet.ro. \u00cen c\u00e2teva clipe vei intra \u00een fascinanta lume NetBet, unde te a\u0219teapt\u0103 jocuri, promo\u021bii \u0219i oferte.","og_url":"https:\/\/www.netbet.ro\/blog\/cum-sa-deschizi-un-cont-netbet\/","og_site_name":"NetBet Blog Romania","article_publisher":"https:\/\/www.facebook.com\/netbetcom","og_image":[{"width":1920,"height":1080,"url":"https:\/\/www.netbet.ro\/blog\/wp-content\/uploads\/2017\/09\/register-account.png","type":"image\/png"}],"twitter_card":"summary_large_image","twitter_site":"@netbet","twitter_misc":{"Est. reading time":"2 minutes"},"schema":{"@context":"https:\/\/schema.org","@graph":[{"@type":"WebPage","@id":"https:\/\/www.netbet.ro\/blog\/cum-sa-deschizi-un-cont-netbet\/","url":"https:\/\/www.netbet.ro\/blog\/cum-sa-deschizi-un-cont-netbet\/","name":"Cum s\u0103 deschizi un cont de pariuri online la NetBet.ro","isPartOf":{"@id":"https:\/\/www.netbet.ro\/blog\/#website"},"primaryImageOfPage":{"@id":"https:\/\/www.netbet.ro\/blog\/cum-sa-deschizi-un-cont-netbet\/#primaryimage"},"image":{"@id":"https:\/\/www.netbet.ro\/blog\/cum-sa-deschizi-un-cont-netbet\/#primaryimage"},"thumbnailUrl":"https:\/\/www.netbet.ro\/blog\/wp-content\/uploads\/2017\/09\/register-account.png","datePublished":"2017-09-06T15:50:48+00:00","description":"Uite ce ai de f\u0103cut pentru a deschide un cont NetBet.ro. \u00cen c\u00e2teva clipe vei intra \u00een fascinanta lume NetBet, unde te a\u0219teapt\u0103 jocuri, promo\u021bii \u0219i oferte.","breadcrumb":{"@id":"https:\/\/www.netbet.ro\/blog\/cum-sa-deschizi-un-cont-netbet\/#breadcrumb"},"inLanguage":"en-US","potentialAction":[{"@type":"ReadAction","target":["https:\/\/www.netbet.ro\/blog\/cum-sa-deschizi-un-cont-netbet\/"]}]},{"@type":"ImageObject","inLanguage":"en-US","@id":"https:\/\/www.netbet.ro\/blog\/cum-sa-deschizi-un-cont-netbet\/#primaryimage","url":"https:\/\/www.netbet.ro\/blog\/wp-content\/uploads\/2017\/09\/register-account.png","contentUrl":"https:\/\/www.netbet.ro\/blog\/wp-content\/uploads\/2017\/09\/register-account.png","width":1920,"height":1080},{"@type":"BreadcrumbList","@id":"https:\/\/www.netbet.ro\/blog\/cum-sa-deschizi-un-cont-netbet\/#breadcrumb","itemListElement":[{"@type":"ListItem","position":1,"name":"Home","item":"https:\/\/www.netbet.ro\/blog\/"},{"@type":"ListItem","position":2,"name":"Cum s\u0103 deschizi un cont NetBet"}]},{"@type":"WebSite","@id":"https:\/\/www.netbet.ro\/blog\/#website","url":"https:\/\/www.netbet.ro\/blog\/","name":"NetBet Blog Romania","description":"Facem pariurile mai interesante","potentialAction":[{"@type":"SearchAction","target":{"@type":"EntryPoint","urlTemplate":"https:\/\/www.netbet.ro\/blog\/?s={search_term_string}"},"query-input":{"@type":"PropertyValueSpecification","valueRequired":true,"valueName":"search_term_string"}}],"inLanguage":"en-US"}]}},"amp_enabled":true,"_links":{"self":[{"href":"https:\/\/www.netbet.ro\/blog\/wp-json\/wp\/v2\/pages\/3102","targetHints":{"allow":["GET"]}}],"collection":[{"href":"https:\/\/www.netbet.ro\/blog\/wp-json\/wp\/v2\/pages"}],"about":[{"href":"https:\/\/www.netbet.ro\/blog\/wp-json\/wp\/v2\/types\/page"}],"author":[{"embeddable":true,"href":"https:\/\/www.netbet.ro\/blog\/wp-json\/wp\/v2\/users\/2"}],"replies":[{"embeddable":true,"href":"https:\/\/www.netbet.ro\/blog\/wp-json\/wp\/v2\/comments?post=3102"}],"version-history":[{"count":1,"href":"https:\/\/www.netbet.ro\/blog\/wp-json\/wp\/v2\/pages\/3102\/revisions"}],"predecessor-version":[{"id":3105,"href":"https:\/\/www.netbet.ro\/blog\/wp-json\/wp\/v2\/pages\/3102\/revisions\/3105"}],"wp:featuredmedia":[{"embeddable":true,"href":"https:\/\/www.netbet.ro\/blog\/wp-json\/wp\/v2\/media\/3103"}],"wp:attachment":[{"href":"https:\/\/www.netbet.ro\/blog\/wp-json\/wp\/v2\/media?parent=3102"}],"curies":[{"name":"wp","href":"https:\/\/api.w.org\/{rel}","templated":true}]}}