{"id":3628,"date":"2019-02-27T14:54:26","date_gmt":"2019-02-27T14:54:26","guid":{"rendered":"http:\/\/blnebero.serveur04.com\/blog\/?page_id=3628"},"modified":"2019-02-27T14:54:26","modified_gmt":"2019-02-27T14:54:26","slug":"regulament-promotii-cu-tichete-la-meciuri","status":"publish","type":"page","link":"https:\/\/www.netbet.ro\/blog\/regulament-promotii-cu-tichete-la-meciuri\/","title":{"rendered":"Regulament promo\u021bii cu tichete la meciuri"},"content":{"rendered":"<div id=\"js_1nc\" class=\"_5pbx userContent _3576\" data-ft=\"{&quot;tn&quot;:&quot;K&quot;}\">\n<p>Utilizatorii trebuie s\u0103 aib\u0103 minim 18 ani \u00eemplini\u021bi.<\/p>\n<p>Fiecare participant trebuie s\u0103 \u00eendeplineasc\u0103 solicit\u0103rile distincte ale fiec\u0103rei promo\u021bii.<\/p>\n<p>Utilizatorii care vor \u00eencerca fraude cu multiple conturi, cu multiple r\u0103spunsuri, multiple particip\u0103ri \u0219i a\u0219a mai departe vor fi descalifica\u021bi.<\/p>\n<p>C\u00e2\u0219tig\u0103torii vor fi desemna\u021bi printr-o extragere efectuat\u0103 cu <a href=\"https:\/\/random.org\/?fbclid=IwAR3cO-1uWYUzy6V6r2kHmsMOcSScH073JyICeTZvuCLUulQKnbpozSljTGY\" target=\"_blank\" rel=\"noopener nofollow noreferrer\" data-ft=\"{&quot;tn&quot;:&quot;-U&quot;}\" data-lynx-mode=\"async\" data-lynx-uri=\"https:\/\/l.facebook.com\/l.php?u=https%3A%2F%2Frandom.org%2F%3Ffbclid%3DIwAR3cO-1uWYUzy6V6r2kHmsMOcSScH073JyICeTZvuCLUulQKnbpozSljTGY&amp;h=AT3p-h_19M3mCOY6El0cdoTVG1k2dlVDbt3fpTUuUOhWUxbCpe_piTEaXQ8qir46Uf4d611nGuwsX3P34HLbt7OQRdtdVm0nZDfk3YI7xuEOuS8f5joo9cXbGsLx5tmBo85o-4Dz9dvpX9qQzb-FTIVHKreEj0tcjqnGpfNBwDq53oUCgD0lmplXLL6w1lDMD9P0pdWiT7Jism0vcrdes6UyRt--kfRRjg3vhm9r3zdn1DkqtPOXGSw82lz3iCjIcqZ9U1MJAqr353q8Y8aMuK-5u67mkYSjLdeIiBGyEUnoxvrcvjZBvYbYujNmvAMqNuJbB9NIW7_AkNxRJe33f1nMed2BDTkUvxDdReFb4TXhq7UVCAN1g90pchNwKJ5wVpM692qATisk3I_i_FLfLfUbxAjzm9lUe43EzibXAFTJqWEag0kp2o_SVMtBx3boYuYhC7idZyJ9l3VeVuNo9M5ihQ68g-_WsmgY_AgHPSy8R7Ni8N-HWcn4dUGRGENvSiWKFHbyJ_7hIy4umjm29shiAkP3-__PqR_qDtJ3aN0Hif2I_TF66p5-jSdqfEru27PiFLhdB8IKRKDiNyQLUEnfXj5VwQS8pYDdH6O-q6rlQBbEH12bsmf53Qnazr0DQp9KnQ\">random.org<\/a> sau printr-o alt\u0103 metod\u0103 men\u021bionat\u0103 de organizatori (NetBet \u0219i partenerii s\u0103i promo\u021bionali).<\/p>\n<p>C\u00e2\u0219tig\u0103torii vor fi contacta\u021bi telefonic de c\u0103tre un reprezentant NetBet pentru a confirma premiile.<\/p>\n<p>Dac\u0103 un c\u00e2\u0219tig\u0103tor refuz\u0103 premiul sau nu poate fi contactat, se trece la urm\u0103torul \u00een extragere p\u00e2n\u0103 c\u00e2nd se dau toate biletele sau c\u00e2nd se termin\u0103 num\u0103rul de participan\u021bi la promo\u021bie.<\/p>\n<p>Biletele vor putea fi ridicate de la o adres\u0103 indicat\u0103 de NetBet, \u00een particular.<\/p>\n<p>Este responsabilitatea fiec\u0103rui c\u00e2\u0219tig\u0103tor s\u0103 \u00ee\u0219i ridice premiul.<\/p>\n<p>Biletele vor fi eliberate doar la prezentarea unui act de identitate valid, care coincide cu informa\u021biile furnizate la deschiderea contului NetBet.<\/p>\n<p>NetBet \u00ee\u0219i rezerv\u0103 dreptul de a modifica sau anula promo\u021biile acestea \u00een orice moment.<\/p>\n<p>Se aplic\u0103 termenii \u0219i condi\u021biile generale NetBet.<\/p>\n<\/div>\n<div class=\"_3x-2\" data-ft=\"{&quot;tn&quot;:&quot;H&quot;}\">\n<div data-ft=\"{&quot;tn&quot;:&quot;H&quot;}\">\n<div class=\"mtm\">\n<div>\n<div class=\"_1ktf\" data-ft=\"{&quot;tn&quot;:&quot;E&quot;}\"><\/div>\n<\/div>\n<\/div>\n<\/div>\n<\/div>\n","protected":false},"excerpt":{"rendered":"<p>Utilizatorii trebuie s\u0103 aib\u0103 minim 18 ani \u00eemplini\u021bi. Fiecare participant trebuie s\u0103 \u00eendeplineasc\u0103 solicit\u0103rile distincte ale fiec\u0103rei promo\u021bii. Utilizatorii care<\/p>\n","protected":false},"author":6,"featured_media":0,"parent":0,"menu_order":0,"comment_status":"closed","ping_status":"closed","template":"","meta":{"footnotes":""},"class_list":["post-3628","page","type-page","status-publish","hentry"],"yoast_head":"<!-- This site is optimized with the Yoast SEO plugin v26.9 - https:\/\/yoast.com\/product\/yoast-seo-wordpress\/ -->\n<title>Regulament promo\u021bii cu tichete la meciuri | NetBet Blog Romania<\/title>\n<meta name=\"robots\" content=\"index, follow, max-snippet:-1, max-image-preview:large, max-video-preview:-1\" \/>\n<link rel=\"canonical\" href=\"https:\/\/www.netbet.ro\/blog\/regulament-promotii-cu-tichete-la-meciuri\/\" \/>\n<meta property=\"og:locale\" content=\"en_US\" \/>\n<meta property=\"og:type\" content=\"article\" \/>\n<meta property=\"og:title\" content=\"Regulament promo\u021bii cu tichete la meciuri | NetBet Blog Romania\" \/>\n<meta property=\"og:description\" content=\"Utilizatorii trebuie s\u0103 aib\u0103 minim 18 ani \u00eemplini\u021bi. Fiecare participant trebuie s\u0103 \u00eendeplineasc\u0103 solicit\u0103rile distincte ale fiec\u0103rei promo\u021bii. Utilizatorii care\" \/>\n<meta property=\"og:url\" content=\"https:\/\/www.netbet.ro\/blog\/regulament-promotii-cu-tichete-la-meciuri\/\" \/>\n<meta property=\"og:site_name\" content=\"NetBet Blog Romania\" \/>\n<meta property=\"article:publisher\" content=\"https:\/\/www.facebook.com\/netbetcom\" \/>\n<meta name=\"twitter:card\" content=\"summary_large_image\" \/>\n<meta name=\"twitter:site\" content=\"@netbet\" \/>\n<meta name=\"twitter:label1\" content=\"Est. reading time\" \/>\n\t<meta name=\"twitter:data1\" content=\"1 minute\" \/>\n<script type=\"application\/ld+json\" class=\"yoast-schema-graph\">{\"@context\":\"https:\/\/schema.org\",\"@graph\":[{\"@type\":\"WebPage\",\"@id\":\"https:\/\/www.netbet.ro\/blog\/regulament-promotii-cu-tichete-la-meciuri\/\",\"url\":\"https:\/\/www.netbet.ro\/blog\/regulament-promotii-cu-tichete-la-meciuri\/\",\"name\":\"Regulament promo\u021bii cu tichete la meciuri | NetBet Blog Romania\",\"isPartOf\":{\"@id\":\"https:\/\/www.netbet.ro\/blog\/#website\"},\"datePublished\":\"2019-02-27T14:54:26+00:00\",\"breadcrumb\":{\"@id\":\"https:\/\/www.netbet.ro\/blog\/regulament-promotii-cu-tichete-la-meciuri\/#breadcrumb\"},\"inLanguage\":\"en-US\",\"potentialAction\":[{\"@type\":\"ReadAction\",\"target\":[\"https:\/\/www.netbet.ro\/blog\/regulament-promotii-cu-tichete-la-meciuri\/\"]}]},{\"@type\":\"BreadcrumbList\",\"@id\":\"https:\/\/www.netbet.ro\/blog\/regulament-promotii-cu-tichete-la-meciuri\/#breadcrumb\",\"itemListElement\":[{\"@type\":\"ListItem\",\"position\":1,\"name\":\"Home\",\"item\":\"https:\/\/www.netbet.ro\/blog\/\"},{\"@type\":\"ListItem\",\"position\":2,\"name\":\"Regulament promo\u021bii cu tichete la meciuri\"}]},{\"@type\":\"WebSite\",\"@id\":\"https:\/\/www.netbet.ro\/blog\/#website\",\"url\":\"https:\/\/www.netbet.ro\/blog\/\",\"name\":\"NetBet Blog Romania\",\"description\":\"Facem pariurile mai interesante\",\"potentialAction\":[{\"@type\":\"SearchAction\",\"target\":{\"@type\":\"EntryPoint\",\"urlTemplate\":\"https:\/\/www.netbet.ro\/blog\/?s={search_term_string}\"},\"query-input\":{\"@type\":\"PropertyValueSpecification\",\"valueRequired\":true,\"valueName\":\"search_term_string\"}}],\"inLanguage\":\"en-US\"}]}<\/script>\n<!-- \/ Yoast SEO plugin. -->","yoast_head_json":{"title":"Regulament promo\u021bii cu tichete la meciuri | NetBet Blog Romania","robots":{"index":"index","follow":"follow","max-snippet":"max-snippet:-1","max-image-preview":"max-image-preview:large","max-video-preview":"max-video-preview:-1"},"canonical":"https:\/\/www.netbet.ro\/blog\/regulament-promotii-cu-tichete-la-meciuri\/","og_locale":"en_US","og_type":"article","og_title":"Regulament promo\u021bii cu tichete la meciuri | NetBet Blog Romania","og_description":"Utilizatorii trebuie s\u0103 aib\u0103 minim 18 ani \u00eemplini\u021bi. Fiecare participant trebuie s\u0103 \u00eendeplineasc\u0103 solicit\u0103rile distincte ale fiec\u0103rei promo\u021bii. Utilizatorii care","og_url":"https:\/\/www.netbet.ro\/blog\/regulament-promotii-cu-tichete-la-meciuri\/","og_site_name":"NetBet Blog Romania","article_publisher":"https:\/\/www.facebook.com\/netbetcom","twitter_card":"summary_large_image","twitter_site":"@netbet","twitter_misc":{"Est. reading time":"1 minute"},"schema":{"@context":"https:\/\/schema.org","@graph":[{"@type":"WebPage","@id":"https:\/\/www.netbet.ro\/blog\/regulament-promotii-cu-tichete-la-meciuri\/","url":"https:\/\/www.netbet.ro\/blog\/regulament-promotii-cu-tichete-la-meciuri\/","name":"Regulament promo\u021bii cu tichete la meciuri | NetBet Blog Romania","isPartOf":{"@id":"https:\/\/www.netbet.ro\/blog\/#website"},"datePublished":"2019-02-27T14:54:26+00:00","breadcrumb":{"@id":"https:\/\/www.netbet.ro\/blog\/regulament-promotii-cu-tichete-la-meciuri\/#breadcrumb"},"inLanguage":"en-US","potentialAction":[{"@type":"ReadAction","target":["https:\/\/www.netbet.ro\/blog\/regulament-promotii-cu-tichete-la-meciuri\/"]}]},{"@type":"BreadcrumbList","@id":"https:\/\/www.netbet.ro\/blog\/regulament-promotii-cu-tichete-la-meciuri\/#breadcrumb","itemListElement":[{"@type":"ListItem","position":1,"name":"Home","item":"https:\/\/www.netbet.ro\/blog\/"},{"@type":"ListItem","position":2,"name":"Regulament promo\u021bii cu tichete la meciuri"}]},{"@type":"WebSite","@id":"https:\/\/www.netbet.ro\/blog\/#website","url":"https:\/\/www.netbet.ro\/blog\/","name":"NetBet Blog Romania","description":"Facem pariurile mai interesante","potentialAction":[{"@type":"SearchAction","target":{"@type":"EntryPoint","urlTemplate":"https:\/\/www.netbet.ro\/blog\/?s={search_term_string}"},"query-input":{"@type":"PropertyValueSpecification","valueRequired":true,"valueName":"search_term_string"}}],"inLanguage":"en-US"}]}},"amp_enabled":true,"_links":{"self":[{"href":"https:\/\/www.netbet.ro\/blog\/wp-json\/wp\/v2\/pages\/3628","targetHints":{"allow":["GET"]}}],"collection":[{"href":"https:\/\/www.netbet.ro\/blog\/wp-json\/wp\/v2\/pages"}],"about":[{"href":"https:\/\/www.netbet.ro\/blog\/wp-json\/wp\/v2\/types\/page"}],"author":[{"embeddable":true,"href":"https:\/\/www.netbet.ro\/blog\/wp-json\/wp\/v2\/users\/6"}],"replies":[{"embeddable":true,"href":"https:\/\/www.netbet.ro\/blog\/wp-json\/wp\/v2\/comments?post=3628"}],"version-history":[{"count":1,"href":"https:\/\/www.netbet.ro\/blog\/wp-json\/wp\/v2\/pages\/3628\/revisions"}],"predecessor-version":[{"id":3630,"href":"https:\/\/www.netbet.ro\/blog\/wp-json\/wp\/v2\/pages\/3628\/revisions\/3630"}],"wp:attachment":[{"href":"https:\/\/www.netbet.ro\/blog\/wp-json\/wp\/v2\/media?parent=3628"}],"curies":[{"name":"wp","href":"https:\/\/api.w.org\/{rel}","templated":true}]}}