{"id":3727,"date":"2019-07-12T14:39:18","date_gmt":"2019-07-12T14:39:18","guid":{"rendered":"http:\/\/blnebero.serveur04.com\/blog\/?page_id=3727"},"modified":"2019-07-12T14:39:18","modified_gmt":"2019-07-12T14:39:18","slug":"cash-out-partial-sau-total","status":"publish","type":"page","link":"https:\/\/www.netbet.ro\/blog\/tutoriale-netbet\/cash-out-partial-sau-total\/","title":{"rendered":"Cash Out Par\u021bial sau Total"},"content":{"rendered":"<p>Cu op\u021biunea cash out, po\u021bi alege s\u0103 \u00eenchei \u00een orice moment pariul, fie \u00een totalitate, fie par\u021bial.<\/p>\n<p>Afl\u0103 \u00een mai pu\u021bin de un minut c\u00e2t e de simplu s\u0103 dai cash out \u0219i s\u0103 preiei controlul pariului t\u0103u. Po\u021bi retrage suma complet\u0103 sau po\u021bi retrage doar o parte din c\u00e2\u0219tig, p\u0103str\u00e2nd o parte din bani \u00een joc.<\/p>\n<p><iframe src=\"https:\/\/www.youtube.com\/embed\/Ry1kP_ndILk\" width=\"560\" height=\"315\" frameborder=\"0\" allowfullscreen=\"allowfullscreen\"><\/iframe><\/p>\n","protected":false},"excerpt":{"rendered":"<p>Cu op\u021biunea cash out, po\u021bi alege s\u0103 \u00eenchei \u00een orice moment pariul, fie \u00een totalitate, fie par\u021bial. Afl\u0103 \u00een mai<\/p>\n","protected":false},"author":6,"featured_media":3728,"parent":2827,"menu_order":0,"comment_status":"closed","ping_status":"closed","template":"","meta":{"footnotes":""},"class_list":["post-3727","page","type-page","status-publish","has-post-thumbnail","hentry"],"yoast_head":"<!-- This site is optimized with the Yoast SEO plugin v26.9 - https:\/\/yoast.com\/product\/yoast-seo-wordpress\/ -->\n<title>Cash Out Par\u021bial sau Total | NetBet Blog Romania<\/title>\n<meta name=\"robots\" content=\"index, follow, max-snippet:-1, max-image-preview:large, max-video-preview:-1\" \/>\n<link rel=\"canonical\" href=\"https:\/\/www.netbet.ro\/blog\/tutoriale-netbet\/cash-out-partial-sau-total\/\" \/>\n<meta property=\"og:locale\" content=\"en_US\" \/>\n<meta property=\"og:type\" content=\"article\" \/>\n<meta property=\"og:title\" content=\"Cash Out Par\u021bial sau Total | NetBet Blog Romania\" \/>\n<meta property=\"og:description\" content=\"Cu op\u021biunea cash out, po\u021bi alege s\u0103 \u00eenchei \u00een orice moment pariul, fie \u00een totalitate, fie par\u021bial. Afl\u0103 \u00een mai\" \/>\n<meta property=\"og:url\" content=\"https:\/\/www.netbet.ro\/blog\/tutoriale-netbet\/cash-out-partial-sau-total\/\" \/>\n<meta property=\"og:site_name\" content=\"NetBet Blog Romania\" \/>\n<meta property=\"article:publisher\" content=\"https:\/\/www.facebook.com\/netbetcom\" \/>\n<meta property=\"og:image\" content=\"https:\/\/www.netbet.ro\/blog\/wp-content\/uploads\/2019\/07\/cashout-netbet.jpg\" \/>\n\t<meta property=\"og:image:width\" content=\"1920\" \/>\n\t<meta property=\"og:image:height\" content=\"1080\" \/>\n\t<meta property=\"og:image:type\" content=\"image\/jpeg\" \/>\n<meta name=\"twitter:card\" content=\"summary_large_image\" \/>\n<meta name=\"twitter:site\" content=\"@netbet\" \/>\n<script type=\"application\/ld+json\" class=\"yoast-schema-graph\">{\"@context\":\"https:\/\/schema.org\",\"@graph\":[{\"@type\":\"WebPage\",\"@id\":\"https:\/\/www.netbet.ro\/blog\/tutoriale-netbet\/cash-out-partial-sau-total\/\",\"url\":\"https:\/\/www.netbet.ro\/blog\/tutoriale-netbet\/cash-out-partial-sau-total\/\",\"name\":\"Cash Out Par\u021bial sau Total | NetBet Blog Romania\",\"isPartOf\":{\"@id\":\"https:\/\/www.netbet.ro\/blog\/#website\"},\"primaryImageOfPage\":{\"@id\":\"https:\/\/www.netbet.ro\/blog\/tutoriale-netbet\/cash-out-partial-sau-total\/#primaryimage\"},\"image\":{\"@id\":\"https:\/\/www.netbet.ro\/blog\/tutoriale-netbet\/cash-out-partial-sau-total\/#primaryimage\"},\"thumbnailUrl\":\"https:\/\/www.netbet.ro\/blog\/wp-content\/uploads\/2019\/07\/cashout-netbet.jpg\",\"datePublished\":\"2019-07-12T14:39:18+00:00\",\"breadcrumb\":{\"@id\":\"https:\/\/www.netbet.ro\/blog\/tutoriale-netbet\/cash-out-partial-sau-total\/#breadcrumb\"},\"inLanguage\":\"en-US\",\"potentialAction\":[{\"@type\":\"ReadAction\",\"target\":[\"https:\/\/www.netbet.ro\/blog\/tutoriale-netbet\/cash-out-partial-sau-total\/\"]}]},{\"@type\":\"ImageObject\",\"inLanguage\":\"en-US\",\"@id\":\"https:\/\/www.netbet.ro\/blog\/tutoriale-netbet\/cash-out-partial-sau-total\/#primaryimage\",\"url\":\"https:\/\/www.netbet.ro\/blog\/wp-content\/uploads\/2019\/07\/cashout-netbet.jpg\",\"contentUrl\":\"https:\/\/www.netbet.ro\/blog\/wp-content\/uploads\/2019\/07\/cashout-netbet.jpg\",\"width\":1920,\"height\":1080},{\"@type\":\"BreadcrumbList\",\"@id\":\"https:\/\/www.netbet.ro\/blog\/tutoriale-netbet\/cash-out-partial-sau-total\/#breadcrumb\",\"itemListElement\":[{\"@type\":\"ListItem\",\"position\":1,\"name\":\"Home\",\"item\":\"https:\/\/www.netbet.ro\/blog\/\"},{\"@type\":\"ListItem\",\"position\":2,\"name\":\"Tutoriale NetBet\",\"item\":\"https:\/\/www.netbet.ro\/blog\/tutoriale-netbet\/\"},{\"@type\":\"ListItem\",\"position\":3,\"name\":\"Cash Out Par\u021bial sau Total\"}]},{\"@type\":\"WebSite\",\"@id\":\"https:\/\/www.netbet.ro\/blog\/#website\",\"url\":\"https:\/\/www.netbet.ro\/blog\/\",\"name\":\"NetBet Blog Romania\",\"description\":\"Facem pariurile mai interesante\",\"potentialAction\":[{\"@type\":\"SearchAction\",\"target\":{\"@type\":\"EntryPoint\",\"urlTemplate\":\"https:\/\/www.netbet.ro\/blog\/?s={search_term_string}\"},\"query-input\":{\"@type\":\"PropertyValueSpecification\",\"valueRequired\":true,\"valueName\":\"search_term_string\"}}],\"inLanguage\":\"en-US\"}]}<\/script>\n<!-- \/ Yoast SEO plugin. -->","yoast_head_json":{"title":"Cash Out Par\u021bial sau Total | NetBet Blog Romania","robots":{"index":"index","follow":"follow","max-snippet":"max-snippet:-1","max-image-preview":"max-image-preview:large","max-video-preview":"max-video-preview:-1"},"canonical":"https:\/\/www.netbet.ro\/blog\/tutoriale-netbet\/cash-out-partial-sau-total\/","og_locale":"en_US","og_type":"article","og_title":"Cash Out Par\u021bial sau Total | NetBet Blog Romania","og_description":"Cu op\u021biunea cash out, po\u021bi alege s\u0103 \u00eenchei \u00een orice moment pariul, fie \u00een totalitate, fie par\u021bial. Afl\u0103 \u00een mai","og_url":"https:\/\/www.netbet.ro\/blog\/tutoriale-netbet\/cash-out-partial-sau-total\/","og_site_name":"NetBet Blog Romania","article_publisher":"https:\/\/www.facebook.com\/netbetcom","og_image":[{"width":1920,"height":1080,"url":"https:\/\/www.netbet.ro\/blog\/wp-content\/uploads\/2019\/07\/cashout-netbet.jpg","type":"image\/jpeg"}],"twitter_card":"summary_large_image","twitter_site":"@netbet","schema":{"@context":"https:\/\/schema.org","@graph":[{"@type":"WebPage","@id":"https:\/\/www.netbet.ro\/blog\/tutoriale-netbet\/cash-out-partial-sau-total\/","url":"https:\/\/www.netbet.ro\/blog\/tutoriale-netbet\/cash-out-partial-sau-total\/","name":"Cash Out Par\u021bial sau Total | NetBet Blog Romania","isPartOf":{"@id":"https:\/\/www.netbet.ro\/blog\/#website"},"primaryImageOfPage":{"@id":"https:\/\/www.netbet.ro\/blog\/tutoriale-netbet\/cash-out-partial-sau-total\/#primaryimage"},"image":{"@id":"https:\/\/www.netbet.ro\/blog\/tutoriale-netbet\/cash-out-partial-sau-total\/#primaryimage"},"thumbnailUrl":"https:\/\/www.netbet.ro\/blog\/wp-content\/uploads\/2019\/07\/cashout-netbet.jpg","datePublished":"2019-07-12T14:39:18+00:00","breadcrumb":{"@id":"https:\/\/www.netbet.ro\/blog\/tutoriale-netbet\/cash-out-partial-sau-total\/#breadcrumb"},"inLanguage":"en-US","potentialAction":[{"@type":"ReadAction","target":["https:\/\/www.netbet.ro\/blog\/tutoriale-netbet\/cash-out-partial-sau-total\/"]}]},{"@type":"ImageObject","inLanguage":"en-US","@id":"https:\/\/www.netbet.ro\/blog\/tutoriale-netbet\/cash-out-partial-sau-total\/#primaryimage","url":"https:\/\/www.netbet.ro\/blog\/wp-content\/uploads\/2019\/07\/cashout-netbet.jpg","contentUrl":"https:\/\/www.netbet.ro\/blog\/wp-content\/uploads\/2019\/07\/cashout-netbet.jpg","width":1920,"height":1080},{"@type":"BreadcrumbList","@id":"https:\/\/www.netbet.ro\/blog\/tutoriale-netbet\/cash-out-partial-sau-total\/#breadcrumb","itemListElement":[{"@type":"ListItem","position":1,"name":"Home","item":"https:\/\/www.netbet.ro\/blog\/"},{"@type":"ListItem","position":2,"name":"Tutoriale NetBet","item":"https:\/\/www.netbet.ro\/blog\/tutoriale-netbet\/"},{"@type":"ListItem","position":3,"name":"Cash Out Par\u021bial sau Total"}]},{"@type":"WebSite","@id":"https:\/\/www.netbet.ro\/blog\/#website","url":"https:\/\/www.netbet.ro\/blog\/","name":"NetBet Blog Romania","description":"Facem pariurile mai interesante","potentialAction":[{"@type":"SearchAction","target":{"@type":"EntryPoint","urlTemplate":"https:\/\/www.netbet.ro\/blog\/?s={search_term_string}"},"query-input":{"@type":"PropertyValueSpecification","valueRequired":true,"valueName":"search_term_string"}}],"inLanguage":"en-US"}]}},"amp_enabled":true,"_links":{"self":[{"href":"https:\/\/www.netbet.ro\/blog\/wp-json\/wp\/v2\/pages\/3727","targetHints":{"allow":["GET"]}}],"collection":[{"href":"https:\/\/www.netbet.ro\/blog\/wp-json\/wp\/v2\/pages"}],"about":[{"href":"https:\/\/www.netbet.ro\/blog\/wp-json\/wp\/v2\/types\/page"}],"author":[{"embeddable":true,"href":"https:\/\/www.netbet.ro\/blog\/wp-json\/wp\/v2\/users\/6"}],"replies":[{"embeddable":true,"href":"https:\/\/www.netbet.ro\/blog\/wp-json\/wp\/v2\/comments?post=3727"}],"version-history":[{"count":1,"href":"https:\/\/www.netbet.ro\/blog\/wp-json\/wp\/v2\/pages\/3727\/revisions"}],"predecessor-version":[{"id":3729,"href":"https:\/\/www.netbet.ro\/blog\/wp-json\/wp\/v2\/pages\/3727\/revisions\/3729"}],"up":[{"embeddable":true,"href":"https:\/\/www.netbet.ro\/blog\/wp-json\/wp\/v2\/pages\/2827"}],"wp:featuredmedia":[{"embeddable":true,"href":"https:\/\/www.netbet.ro\/blog\/wp-json\/wp\/v2\/media\/3728"}],"wp:attachment":[{"href":"https:\/\/www.netbet.ro\/blog\/wp-json\/wp\/v2\/media?parent=3727"}],"curies":[{"name":"wp","href":"https:\/\/api.w.org\/{rel}","templated":true}]}}