{"id":3731,"date":"2019-07-12T15:01:23","date_gmt":"2019-07-12T15:01:23","guid":{"rendered":"http:\/\/blnebero.serveur04.com\/blog\/?page_id=3731"},"modified":"2019-07-12T15:05:16","modified_gmt":"2019-07-12T15:05:16","slug":"bet-maker","status":"publish","type":"page","link":"https:\/\/www.netbet.ro\/blog\/tutoriale-netbet\/bet-maker\/","title":{"rendered":"NetBet Creare Pariu &#8211; Bet Maker"},"content":{"rendered":"<div id=\"content\" class=\"style-scope ytd-expander\">\n<div>Selec\u021biile tale sunt acum toate \u00eentr-un singur pariu! NetBet \u00ee\u021bi ofer\u0103 posibilitatea s\u0103 \u00ee\u021bi construie\u0219ti scenariul personal, cu op\u021biunea \u201ecreare pariu\u201d, cea mai nou\u0103 \u0219i cea mai interesant\u0103 func\u021bie pentru juc\u0103torii experimenta\u021bi.<\/div>\n<div><\/div>\n<div>\u201ePariu c\u0103 bat ai no\u0219tri, c\u0103 \u00eenscrie noul atacant, c\u0103 va fi o eliminare \u00een meci \u0219i c\u0103 se va acorda un penalty?\u201d<\/div>\n<div>Probabil c\u0103 ai avut c\u00e2ndva un scenariu complex de meci pe care s\u0103 pariezi. Ai intuit desf\u0103\u0219urarea unui meci \u00een asemenea detaliu&#8230; \u0219i ai fi pus un leu la distrac\u021bie pe o cot\u0103 astronomic\u0103, dar nimeni nu \u00ee\u021bi oferea posibilitatea. Acum \u00eens\u0103 lucrurile se schimb\u0103, pentru c\u0103 la NetBet ai posibilitatea s\u0103 \u00ee\u021bi creezi propriul pariu \u00een doar 3 pa\u0219i:<\/div>\n<\/div>\n<div><\/div>\n<div id=\"content\" class=\"style-scope ytd-expander\">\n<div class=\"style-scope ytd-video-secondary-info-renderer\">1. Alege meciul dorit<\/div>\n<div><\/div>\n<div class=\"style-scope ytd-video-secondary-info-renderer\">2. Activeaz\u0103 op\u021biunea \u201eCreaz\u0103 propriul t\u0103u pariu\u201d<\/div>\n<div><\/div>\n<div class=\"style-scope ytd-video-secondary-info-renderer\">3. Alege pie\u021bele \u0219i plaseaz\u0103 pariul final<\/div>\n<\/div>\n<div><\/div>\n<div>Uite un tutorial scurt, care s\u0103 ilustreze exact pa\u0219ii cre\u0103rii unui pariu:<\/div>\n<p><iframe src=\"https:\/\/www.youtube.com\/embed\/AbqnnXhw4Us\" width=\"560\" height=\"315\" frameborder=\"0\" allowfullscreen=\"allowfullscreen\"><\/iframe><\/p>\n<p>Testeaz\u0103 noua func\u021bie pe NetBet.<\/p>\n","protected":false},"excerpt":{"rendered":"<p>Selec\u021biile tale sunt acum toate \u00eentr-un singur pariu! NetBet \u00ee\u021bi ofer\u0103 posibilitatea s\u0103 \u00ee\u021bi construie\u0219ti scenariul personal, cu op\u021biunea \u201ecreare<\/p>\n","protected":false},"author":6,"featured_media":3732,"parent":2827,"menu_order":0,"comment_status":"closed","ping_status":"closed","template":"","meta":{"footnotes":""},"class_list":["post-3731","page","type-page","status-publish","has-post-thumbnail","hentry"],"yoast_head":"<!-- This site is optimized with the Yoast SEO plugin v26.9 - https:\/\/yoast.com\/product\/yoast-seo-wordpress\/ -->\n<title>NetBet Creare Pariu - Bet Maker<\/title>\n<meta name=\"description\" content=\"Selec\u021biile tale sunt acum toate \u00eentr-un singur pariu! NetBet \u00ee\u021bi ofer\u0103 op\u021biunea \u201ecreare pariu\u201d, cea mai interesant\u0103 func\u021bie pentru juc\u0103torii experimenta\u021bi.\" \/>\n<meta name=\"robots\" content=\"index, follow, max-snippet:-1, max-image-preview:large, max-video-preview:-1\" \/>\n<link rel=\"canonical\" href=\"https:\/\/www.netbet.ro\/blog\/tutoriale-netbet\/bet-maker\/\" \/>\n<meta property=\"og:locale\" content=\"en_US\" \/>\n<meta property=\"og:type\" content=\"article\" \/>\n<meta property=\"og:title\" content=\"NetBet Creare Pariu - Bet Maker\" \/>\n<meta property=\"og:description\" content=\"Selec\u021biile tale sunt acum toate \u00eentr-un singur pariu! NetBet \u00ee\u021bi ofer\u0103 op\u021biunea \u201ecreare pariu\u201d, cea mai interesant\u0103 func\u021bie pentru juc\u0103torii experimenta\u021bi.\" \/>\n<meta property=\"og:url\" content=\"https:\/\/www.netbet.ro\/blog\/tutoriale-netbet\/bet-maker\/\" \/>\n<meta property=\"og:site_name\" content=\"NetBet Blog Romania\" \/>\n<meta property=\"article:publisher\" content=\"https:\/\/www.facebook.com\/netbetcom\" \/>\n<meta property=\"article:modified_time\" content=\"2019-07-12T15:05:16+00:00\" \/>\n<meta property=\"og:image\" content=\"https:\/\/www.netbet.ro\/blog\/wp-content\/uploads\/2019\/07\/betmaker.png\" \/>\n\t<meta property=\"og:image:width\" content=\"1280\" \/>\n\t<meta property=\"og:image:height\" content=\"719\" \/>\n\t<meta property=\"og:image:type\" content=\"image\/png\" \/>\n<meta name=\"twitter:card\" content=\"summary_large_image\" \/>\n<meta name=\"twitter:site\" content=\"@netbet\" \/>\n<meta name=\"twitter:label1\" content=\"Est. reading time\" \/>\n\t<meta name=\"twitter:data1\" content=\"1 minute\" \/>\n<script type=\"application\/ld+json\" class=\"yoast-schema-graph\">{\"@context\":\"https:\/\/schema.org\",\"@graph\":[{\"@type\":\"WebPage\",\"@id\":\"https:\/\/www.netbet.ro\/blog\/tutoriale-netbet\/bet-maker\/\",\"url\":\"https:\/\/www.netbet.ro\/blog\/tutoriale-netbet\/bet-maker\/\",\"name\":\"NetBet Creare Pariu - Bet Maker\",\"isPartOf\":{\"@id\":\"https:\/\/www.netbet.ro\/blog\/#website\"},\"primaryImageOfPage\":{\"@id\":\"https:\/\/www.netbet.ro\/blog\/tutoriale-netbet\/bet-maker\/#primaryimage\"},\"image\":{\"@id\":\"https:\/\/www.netbet.ro\/blog\/tutoriale-netbet\/bet-maker\/#primaryimage\"},\"thumbnailUrl\":\"https:\/\/www.netbet.ro\/blog\/wp-content\/uploads\/2019\/07\/betmaker.png\",\"datePublished\":\"2019-07-12T15:01:23+00:00\",\"dateModified\":\"2019-07-12T15:05:16+00:00\",\"description\":\"Selec\u021biile tale sunt acum toate \u00eentr-un singur pariu! NetBet \u00ee\u021bi ofer\u0103 op\u021biunea \u201ecreare pariu\u201d, cea mai interesant\u0103 func\u021bie pentru juc\u0103torii experimenta\u021bi.\",\"breadcrumb\":{\"@id\":\"https:\/\/www.netbet.ro\/blog\/tutoriale-netbet\/bet-maker\/#breadcrumb\"},\"inLanguage\":\"en-US\",\"potentialAction\":[{\"@type\":\"ReadAction\",\"target\":[\"https:\/\/www.netbet.ro\/blog\/tutoriale-netbet\/bet-maker\/\"]}]},{\"@type\":\"ImageObject\",\"inLanguage\":\"en-US\",\"@id\":\"https:\/\/www.netbet.ro\/blog\/tutoriale-netbet\/bet-maker\/#primaryimage\",\"url\":\"https:\/\/www.netbet.ro\/blog\/wp-content\/uploads\/2019\/07\/betmaker.png\",\"contentUrl\":\"https:\/\/www.netbet.ro\/blog\/wp-content\/uploads\/2019\/07\/betmaker.png\",\"width\":1280,\"height\":719},{\"@type\":\"BreadcrumbList\",\"@id\":\"https:\/\/www.netbet.ro\/blog\/tutoriale-netbet\/bet-maker\/#breadcrumb\",\"itemListElement\":[{\"@type\":\"ListItem\",\"position\":1,\"name\":\"Home\",\"item\":\"https:\/\/www.netbet.ro\/blog\/\"},{\"@type\":\"ListItem\",\"position\":2,\"name\":\"Tutoriale NetBet\",\"item\":\"https:\/\/www.netbet.ro\/blog\/tutoriale-netbet\/\"},{\"@type\":\"ListItem\",\"position\":3,\"name\":\"NetBet Creare Pariu &#8211; Bet Maker\"}]},{\"@type\":\"WebSite\",\"@id\":\"https:\/\/www.netbet.ro\/blog\/#website\",\"url\":\"https:\/\/www.netbet.ro\/blog\/\",\"name\":\"NetBet Blog Romania\",\"description\":\"Facem pariurile mai interesante\",\"potentialAction\":[{\"@type\":\"SearchAction\",\"target\":{\"@type\":\"EntryPoint\",\"urlTemplate\":\"https:\/\/www.netbet.ro\/blog\/?s={search_term_string}\"},\"query-input\":{\"@type\":\"PropertyValueSpecification\",\"valueRequired\":true,\"valueName\":\"search_term_string\"}}],\"inLanguage\":\"en-US\"}]}<\/script>\n<!-- \/ Yoast SEO plugin. -->","yoast_head_json":{"title":"NetBet Creare Pariu - Bet Maker","description":"Selec\u021biile tale sunt acum toate \u00eentr-un singur pariu! NetBet \u00ee\u021bi ofer\u0103 op\u021biunea \u201ecreare pariu\u201d, cea mai interesant\u0103 func\u021bie pentru juc\u0103torii experimenta\u021bi.","robots":{"index":"index","follow":"follow","max-snippet":"max-snippet:-1","max-image-preview":"max-image-preview:large","max-video-preview":"max-video-preview:-1"},"canonical":"https:\/\/www.netbet.ro\/blog\/tutoriale-netbet\/bet-maker\/","og_locale":"en_US","og_type":"article","og_title":"NetBet Creare Pariu - Bet Maker","og_description":"Selec\u021biile tale sunt acum toate \u00eentr-un singur pariu! NetBet \u00ee\u021bi ofer\u0103 op\u021biunea \u201ecreare pariu\u201d, cea mai interesant\u0103 func\u021bie pentru juc\u0103torii experimenta\u021bi.","og_url":"https:\/\/www.netbet.ro\/blog\/tutoriale-netbet\/bet-maker\/","og_site_name":"NetBet Blog Romania","article_publisher":"https:\/\/www.facebook.com\/netbetcom","article_modified_time":"2019-07-12T15:05:16+00:00","og_image":[{"width":1280,"height":719,"url":"https:\/\/www.netbet.ro\/blog\/wp-content\/uploads\/2019\/07\/betmaker.png","type":"image\/png"}],"twitter_card":"summary_large_image","twitter_site":"@netbet","twitter_misc":{"Est. reading time":"1 minute"},"schema":{"@context":"https:\/\/schema.org","@graph":[{"@type":"WebPage","@id":"https:\/\/www.netbet.ro\/blog\/tutoriale-netbet\/bet-maker\/","url":"https:\/\/www.netbet.ro\/blog\/tutoriale-netbet\/bet-maker\/","name":"NetBet Creare Pariu - Bet Maker","isPartOf":{"@id":"https:\/\/www.netbet.ro\/blog\/#website"},"primaryImageOfPage":{"@id":"https:\/\/www.netbet.ro\/blog\/tutoriale-netbet\/bet-maker\/#primaryimage"},"image":{"@id":"https:\/\/www.netbet.ro\/blog\/tutoriale-netbet\/bet-maker\/#primaryimage"},"thumbnailUrl":"https:\/\/www.netbet.ro\/blog\/wp-content\/uploads\/2019\/07\/betmaker.png","datePublished":"2019-07-12T15:01:23+00:00","dateModified":"2019-07-12T15:05:16+00:00","description":"Selec\u021biile tale sunt acum toate \u00eentr-un singur pariu! NetBet \u00ee\u021bi ofer\u0103 op\u021biunea \u201ecreare pariu\u201d, cea mai interesant\u0103 func\u021bie pentru juc\u0103torii experimenta\u021bi.","breadcrumb":{"@id":"https:\/\/www.netbet.ro\/blog\/tutoriale-netbet\/bet-maker\/#breadcrumb"},"inLanguage":"en-US","potentialAction":[{"@type":"ReadAction","target":["https:\/\/www.netbet.ro\/blog\/tutoriale-netbet\/bet-maker\/"]}]},{"@type":"ImageObject","inLanguage":"en-US","@id":"https:\/\/www.netbet.ro\/blog\/tutoriale-netbet\/bet-maker\/#primaryimage","url":"https:\/\/www.netbet.ro\/blog\/wp-content\/uploads\/2019\/07\/betmaker.png","contentUrl":"https:\/\/www.netbet.ro\/blog\/wp-content\/uploads\/2019\/07\/betmaker.png","width":1280,"height":719},{"@type":"BreadcrumbList","@id":"https:\/\/www.netbet.ro\/blog\/tutoriale-netbet\/bet-maker\/#breadcrumb","itemListElement":[{"@type":"ListItem","position":1,"name":"Home","item":"https:\/\/www.netbet.ro\/blog\/"},{"@type":"ListItem","position":2,"name":"Tutoriale NetBet","item":"https:\/\/www.netbet.ro\/blog\/tutoriale-netbet\/"},{"@type":"ListItem","position":3,"name":"NetBet Creare Pariu &#8211; Bet Maker"}]},{"@type":"WebSite","@id":"https:\/\/www.netbet.ro\/blog\/#website","url":"https:\/\/www.netbet.ro\/blog\/","name":"NetBet Blog Romania","description":"Facem pariurile mai interesante","potentialAction":[{"@type":"SearchAction","target":{"@type":"EntryPoint","urlTemplate":"https:\/\/www.netbet.ro\/blog\/?s={search_term_string}"},"query-input":{"@type":"PropertyValueSpecification","valueRequired":true,"valueName":"search_term_string"}}],"inLanguage":"en-US"}]}},"amp_enabled":true,"_links":{"self":[{"href":"https:\/\/www.netbet.ro\/blog\/wp-json\/wp\/v2\/pages\/3731","targetHints":{"allow":["GET"]}}],"collection":[{"href":"https:\/\/www.netbet.ro\/blog\/wp-json\/wp\/v2\/pages"}],"about":[{"href":"https:\/\/www.netbet.ro\/blog\/wp-json\/wp\/v2\/types\/page"}],"author":[{"embeddable":true,"href":"https:\/\/www.netbet.ro\/blog\/wp-json\/wp\/v2\/users\/6"}],"replies":[{"embeddable":true,"href":"https:\/\/www.netbet.ro\/blog\/wp-json\/wp\/v2\/comments?post=3731"}],"version-history":[{"count":1,"href":"https:\/\/www.netbet.ro\/blog\/wp-json\/wp\/v2\/pages\/3731\/revisions"}],"predecessor-version":[{"id":3734,"href":"https:\/\/www.netbet.ro\/blog\/wp-json\/wp\/v2\/pages\/3731\/revisions\/3734"}],"up":[{"embeddable":true,"href":"https:\/\/www.netbet.ro\/blog\/wp-json\/wp\/v2\/pages\/2827"}],"wp:featuredmedia":[{"embeddable":true,"href":"https:\/\/www.netbet.ro\/blog\/wp-json\/wp\/v2\/media\/3732"}],"wp:attachment":[{"href":"https:\/\/www.netbet.ro\/blog\/wp-json\/wp\/v2\/media?parent=3731"}],"curies":[{"name":"wp","href":"https:\/\/api.w.org\/{rel}","templated":true}]}}