{"id":6427,"date":"2021-07-01T08:38:12","date_gmt":"2021-07-01T08:38:12","guid":{"rendered":"http:\/\/blnebero.serveur04.com\/blog\/?page_id=6427"},"modified":"2021-07-01T08:38:12","modified_gmt":"2021-07-01T08:38:12","slug":"tutorial-netbet-casino-vouchere-free-play-pentru-jocurile-live-de-la-evolution","status":"publish","type":"page","link":"https:\/\/www.netbet.ro\/blog\/tutorial-netbet-casino-vouchere-free-play-pentru-jocurile-live-de-la-evolution\/","title":{"rendered":"Tutorial NetBet Casino | Vouchere Free Play pentru jocurile live de la Evolution"},"content":{"rendered":"<p>C\u00e2teva din cele mai r\u00e2vnite cadouri din cazinourile online sunt voucherele gratuite pentru jocuri live. NetBet, \u00eempreun\u0103 cu furnizorul Evolution, a r\u0103spuns solicit\u0103rilor<\/p>\n<p>Dar cum se folose\u0219te un voucher Free Play (sau voucher Free Games)? Urm\u0103re\u0219te video-tutorialul nostru sau cite\u0219te instruc\u021biunile pas cu pas \u00een text.<\/p>\n<p><iframe title=\"YouTube video player\" src=\"https:\/\/www.youtube.com\/embed\/ul0JYeQdf5A\" width=\"560\" height=\"315\" frameborder=\"0\" allowfullscreen=\"allowfullscreen\"><\/iframe><br \/>\n<strong>Pasul 1<\/strong><\/p>\n<p>Accesa\u021bi Cazino LIVE NetBet \u0219i autentifica\u021bi-v\u0103 pe site.<\/p>\n<p><img fetchpriority=\"high\" decoding=\"async\" class=\"aligncenter size-large wp-image-6435\" src=\"http:\/\/blnebero.serveur04.com\/blog\/wp-content\/uploads\/2021\/07\/z_step_1_mobile-479x1024.jpg\" alt=\"\" width=\"479\" height=\"1024\" srcset=\"https:\/\/www.netbet.ro\/blog\/wp-content\/uploads\/2021\/07\/z_step_1_mobile-479x1024.jpg 479w, https:\/\/www.netbet.ro\/blog\/wp-content\/uploads\/2021\/07\/z_step_1_mobile-140x300.jpg 140w, https:\/\/www.netbet.ro\/blog\/wp-content\/uploads\/2021\/07\/z_step_1_mobile-768x1643.jpg 768w, https:\/\/www.netbet.ro\/blog\/wp-content\/uploads\/2021\/07\/z_step_1_mobile-718x1536.jpg 718w, https:\/\/www.netbet.ro\/blog\/wp-content\/uploads\/2021\/07\/z_step_1_mobile-958x2048.jpg 958w, https:\/\/www.netbet.ro\/blog\/wp-content\/uploads\/2021\/07\/z_step_1_mobile.jpg 1080w\" sizes=\"(max-width: 479px) 100vw, 479px\" \/><\/p>\n<p><strong>Pasul 2<\/strong><\/p>\n<p>Accesa\u021bi sec\u021biunea <strong>Evolution Rulet\u0103 Live<\/strong>.<\/p>\n<p><img decoding=\"async\" class=\"aligncenter size-large wp-image-6434\" src=\"http:\/\/blnebero.serveur04.com\/blog\/wp-content\/uploads\/2021\/07\/z_step_2_mobile-477x1024.jpg\" alt=\"\" width=\"477\" height=\"1024\" srcset=\"https:\/\/www.netbet.ro\/blog\/wp-content\/uploads\/2021\/07\/z_step_2_mobile-477x1024.jpg 477w, https:\/\/www.netbet.ro\/blog\/wp-content\/uploads\/2021\/07\/z_step_2_mobile-140x300.jpg 140w, https:\/\/www.netbet.ro\/blog\/wp-content\/uploads\/2021\/07\/z_step_2_mobile-768x1649.jpg 768w, https:\/\/www.netbet.ro\/blog\/wp-content\/uploads\/2021\/07\/z_step_2_mobile-715x1536.jpg 715w, https:\/\/www.netbet.ro\/blog\/wp-content\/uploads\/2021\/07\/z_step_2_mobile-954x2048.jpg 954w, https:\/\/www.netbet.ro\/blog\/wp-content\/uploads\/2021\/07\/z_step_2_mobile.jpg 1080w\" sizes=\"(max-width: 477px) 100vw, 477px\" \/><\/p>\n<p><strong>Pasul 3<\/strong><\/p>\n<p>\u00cen col\u021bul drept al ecranului, \u00een partea de jos, este o icoan\u0103 sub form\u0103 de cadou. Ap\u0103sa\u021bi pe ea.<\/p>\n<p><img decoding=\"async\" class=\"aligncenter size-full wp-image-6433\" src=\"http:\/\/blnebero.serveur04.com\/blog\/wp-content\/uploads\/2021\/07\/z_step_3_mobile.jpeg\" alt=\"\" width=\"473\" height=\"1013\" srcset=\"https:\/\/www.netbet.ro\/blog\/wp-content\/uploads\/2021\/07\/z_step_3_mobile.jpeg 473w, https:\/\/www.netbet.ro\/blog\/wp-content\/uploads\/2021\/07\/z_step_3_mobile-140x300.jpeg 140w\" sizes=\"(max-width: 473px) 100vw, 473px\" \/><\/p>\n<p><strong>Pasul 4<\/strong><\/p>\n<p>Apare sec\u021biunea \u201eJocuri Voucher\u201d. Pute\u021bi vedea voucherul disponibil \u0219i jocurile la care poate fi folosit. Alege\u021bi unul din jocuri.<\/p>\n<p><img loading=\"lazy\" decoding=\"async\" class=\"aligncenter size-large wp-image-6432\" src=\"http:\/\/blnebero.serveur04.com\/blog\/wp-content\/uploads\/2021\/07\/z_step_4_mobile-476x1024.jpg\" alt=\"\" width=\"476\" height=\"1024\" srcset=\"https:\/\/www.netbet.ro\/blog\/wp-content\/uploads\/2021\/07\/z_step_4_mobile-476x1024.jpg 476w, https:\/\/www.netbet.ro\/blog\/wp-content\/uploads\/2021\/07\/z_step_4_mobile-139x300.jpg 139w, https:\/\/www.netbet.ro\/blog\/wp-content\/uploads\/2021\/07\/z_step_4_mobile-768x1653.jpg 768w, https:\/\/www.netbet.ro\/blog\/wp-content\/uploads\/2021\/07\/z_step_4_mobile-713x1536.jpg 713w, https:\/\/www.netbet.ro\/blog\/wp-content\/uploads\/2021\/07\/z_step_4_mobile-951x2048.jpg 951w, https:\/\/www.netbet.ro\/blog\/wp-content\/uploads\/2021\/07\/z_step_4_mobile.jpg 1080w\" sizes=\"(max-width: 476px) 100vw, 476px\" \/><\/p>\n<p><img loading=\"lazy\" decoding=\"async\" class=\"aligncenter size-large wp-image-6431\" src=\"http:\/\/blnebero.serveur04.com\/blog\/wp-content\/uploads\/2021\/07\/z_step_4b_mobile.png-478x1024.jpg\" alt=\"\" width=\"478\" height=\"1024\" srcset=\"https:\/\/www.netbet.ro\/blog\/wp-content\/uploads\/2021\/07\/z_step_4b_mobile.png-478x1024.jpg 478w, https:\/\/www.netbet.ro\/blog\/wp-content\/uploads\/2021\/07\/z_step_4b_mobile.png-140x300.jpg 140w, https:\/\/www.netbet.ro\/blog\/wp-content\/uploads\/2021\/07\/z_step_4b_mobile.png-768x1645.jpg 768w, https:\/\/www.netbet.ro\/blog\/wp-content\/uploads\/2021\/07\/z_step_4b_mobile.png-717x1536.jpg 717w, https:\/\/www.netbet.ro\/blog\/wp-content\/uploads\/2021\/07\/z_step_4b_mobile.png-956x2048.jpg 956w, https:\/\/www.netbet.ro\/blog\/wp-content\/uploads\/2021\/07\/z_step_4b_mobile.png.jpg 1080w\" sizes=\"(max-width: 478px) 100vw, 478px\" \/><\/p>\n<p><strong>Pasul 5<\/strong><\/p>\n<p>\u00cen meniul care se deschide, ap\u0103sa\u021bi \u201eJuca\u021bi acum\u201d.<\/p>\n<p><img loading=\"lazy\" decoding=\"async\" class=\"aligncenter size-large wp-image-6430\" src=\"http:\/\/blnebero.serveur04.com\/blog\/wp-content\/uploads\/2021\/07\/z_step_5_mobile.png-475x1024.jpg\" alt=\"\" width=\"475\" height=\"1024\" srcset=\"https:\/\/www.netbet.ro\/blog\/wp-content\/uploads\/2021\/07\/z_step_5_mobile.png-475x1024.jpg 475w, https:\/\/www.netbet.ro\/blog\/wp-content\/uploads\/2021\/07\/z_step_5_mobile.png-139x300.jpg 139w, https:\/\/www.netbet.ro\/blog\/wp-content\/uploads\/2021\/07\/z_step_5_mobile.png-768x1655.jpg 768w, https:\/\/www.netbet.ro\/blog\/wp-content\/uploads\/2021\/07\/z_step_5_mobile.png-713x1536.jpg 713w, https:\/\/www.netbet.ro\/blog\/wp-content\/uploads\/2021\/07\/z_step_5_mobile.png-950x2048.jpg 950w, https:\/\/www.netbet.ro\/blog\/wp-content\/uploads\/2021\/07\/z_step_5_mobile.png.jpg 1080w\" sizes=\"(max-width: 475px) 100vw, 475px\" \/><\/p>\n<p><strong>Pasul 6<\/strong><\/p>\n<p>\u00cen partea st\u00e2ng\u0103, sus, ve\u021bi vedea suma r\u0103mas\u0103 din voucher. Suma poate fi folosit\u0103 \u00een mai multe sesiuni.<\/p>\n<p><img loading=\"lazy\" decoding=\"async\" class=\"aligncenter size-large wp-image-6429\" src=\"http:\/\/blnebero.serveur04.com\/blog\/wp-content\/uploads\/2021\/07\/z_step_6_mobile.png-475x1024.jpg\" alt=\"\" width=\"475\" height=\"1024\" srcset=\"https:\/\/www.netbet.ro\/blog\/wp-content\/uploads\/2021\/07\/z_step_6_mobile.png-475x1024.jpg 475w, https:\/\/www.netbet.ro\/blog\/wp-content\/uploads\/2021\/07\/z_step_6_mobile.png-139x300.jpg 139w, https:\/\/www.netbet.ro\/blog\/wp-content\/uploads\/2021\/07\/z_step_6_mobile.png-768x1655.jpg 768w, https:\/\/www.netbet.ro\/blog\/wp-content\/uploads\/2021\/07\/z_step_6_mobile.png-713x1536.jpg 713w, https:\/\/www.netbet.ro\/blog\/wp-content\/uploads\/2021\/07\/z_step_6_mobile.png-950x2048.jpg 950w, https:\/\/www.netbet.ro\/blog\/wp-content\/uploads\/2021\/07\/z_step_6_mobile.png.jpg 1080w\" sizes=\"(max-width: 475px) 100vw, 475px\" \/><\/p>\n<p>Asta a fost tot. Distrac\u021bie pl\u0103cut\u0103!<\/p>\n","protected":false},"excerpt":{"rendered":"<p>C\u00e2teva din cele mai r\u00e2vnite cadouri din cazinourile online sunt voucherele gratuite pentru jocuri live. NetBet, \u00eempreun\u0103 cu furnizorul Evolution,<\/p>\n","protected":false},"author":6,"featured_media":6436,"parent":0,"menu_order":0,"comment_status":"closed","ping_status":"closed","template":"","meta":{"footnotes":""},"class_list":["post-6427","page","type-page","status-publish","has-post-thumbnail","hentry"],"yoast_head":"<!-- This site is optimized with the Yoast SEO plugin v26.9 - https:\/\/yoast.com\/product\/yoast-seo-wordpress\/ -->\n<title>Tutorial NetBet Casino | Vouchere Free Play pentru jocurile live de la Evolution<\/title>\n<meta name=\"robots\" content=\"index, follow, max-snippet:-1, max-image-preview:large, max-video-preview:-1\" \/>\n<link rel=\"canonical\" href=\"https:\/\/www.netbet.ro\/blog\/tutorial-netbet-casino-vouchere-free-play-pentru-jocurile-live-de-la-evolution\/\" \/>\n<meta property=\"og:locale\" content=\"en_US\" \/>\n<meta property=\"og:type\" content=\"article\" \/>\n<meta property=\"og:title\" content=\"Tutorial NetBet Casino | Vouchere Free Play pentru jocurile live de la Evolution\" \/>\n<meta property=\"og:description\" content=\"C\u00e2teva din cele mai r\u00e2vnite cadouri din cazinourile online sunt voucherele gratuite pentru jocuri live. NetBet, \u00eempreun\u0103 cu furnizorul Evolution,\" \/>\n<meta property=\"og:url\" content=\"https:\/\/www.netbet.ro\/blog\/tutorial-netbet-casino-vouchere-free-play-pentru-jocurile-live-de-la-evolution\/\" \/>\n<meta property=\"og:site_name\" content=\"NetBet Blog Romania\" \/>\n<meta property=\"article:publisher\" content=\"https:\/\/www.facebook.com\/netbetcom\" \/>\n<meta property=\"og:image\" content=\"https:\/\/www.netbet.ro\/blog\/wp-content\/uploads\/2021\/07\/tutorial-voucher-free-play.png\" \/>\n\t<meta property=\"og:image:width\" content=\"1919\" \/>\n\t<meta property=\"og:image:height\" content=\"1079\" \/>\n\t<meta property=\"og:image:type\" content=\"image\/png\" \/>\n<meta name=\"twitter:card\" content=\"summary_large_image\" \/>\n<meta name=\"twitter:title\" content=\"Tutorial NetBet Casino | Vouchere Free Play pentru jocurile live de la Evolution\" \/>\n<meta name=\"twitter:image\" content=\"https:\/\/www.netbet.ro\/blog\/wp-content\/uploads\/2021\/07\/tutorial-voucher-free-play.png\" \/>\n<meta name=\"twitter:site\" content=\"@netbet\" \/>\n<meta name=\"twitter:label1\" content=\"Est. reading time\" \/>\n\t<meta name=\"twitter:data1\" content=\"3 minutes\" \/>\n<script type=\"application\/ld+json\" class=\"yoast-schema-graph\">{\"@context\":\"https:\/\/schema.org\",\"@graph\":[{\"@type\":\"WebPage\",\"@id\":\"https:\/\/www.netbet.ro\/blog\/tutorial-netbet-casino-vouchere-free-play-pentru-jocurile-live-de-la-evolution\/\",\"url\":\"https:\/\/www.netbet.ro\/blog\/tutorial-netbet-casino-vouchere-free-play-pentru-jocurile-live-de-la-evolution\/\",\"name\":\"Tutorial NetBet Casino | Vouchere Free Play pentru jocurile live de la Evolution\",\"isPartOf\":{\"@id\":\"https:\/\/www.netbet.ro\/blog\/#website\"},\"primaryImageOfPage\":{\"@id\":\"https:\/\/www.netbet.ro\/blog\/tutorial-netbet-casino-vouchere-free-play-pentru-jocurile-live-de-la-evolution\/#primaryimage\"},\"image\":{\"@id\":\"https:\/\/www.netbet.ro\/blog\/tutorial-netbet-casino-vouchere-free-play-pentru-jocurile-live-de-la-evolution\/#primaryimage\"},\"thumbnailUrl\":\"https:\/\/www.netbet.ro\/blog\/wp-content\/uploads\/2021\/07\/tutorial-voucher-free-play.png\",\"datePublished\":\"2021-07-01T08:38:12+00:00\",\"breadcrumb\":{\"@id\":\"https:\/\/www.netbet.ro\/blog\/tutorial-netbet-casino-vouchere-free-play-pentru-jocurile-live-de-la-evolution\/#breadcrumb\"},\"inLanguage\":\"en-US\",\"potentialAction\":[{\"@type\":\"ReadAction\",\"target\":[\"https:\/\/www.netbet.ro\/blog\/tutorial-netbet-casino-vouchere-free-play-pentru-jocurile-live-de-la-evolution\/\"]}]},{\"@type\":\"ImageObject\",\"inLanguage\":\"en-US\",\"@id\":\"https:\/\/www.netbet.ro\/blog\/tutorial-netbet-casino-vouchere-free-play-pentru-jocurile-live-de-la-evolution\/#primaryimage\",\"url\":\"https:\/\/www.netbet.ro\/blog\/wp-content\/uploads\/2021\/07\/tutorial-voucher-free-play.png\",\"contentUrl\":\"https:\/\/www.netbet.ro\/blog\/wp-content\/uploads\/2021\/07\/tutorial-voucher-free-play.png\",\"width\":1919,\"height\":1079},{\"@type\":\"BreadcrumbList\",\"@id\":\"https:\/\/www.netbet.ro\/blog\/tutorial-netbet-casino-vouchere-free-play-pentru-jocurile-live-de-la-evolution\/#breadcrumb\",\"itemListElement\":[{\"@type\":\"ListItem\",\"position\":1,\"name\":\"Home\",\"item\":\"https:\/\/www.netbet.ro\/blog\/\"},{\"@type\":\"ListItem\",\"position\":2,\"name\":\"Tutorial NetBet Casino | Vouchere Free Play pentru jocurile live de la Evolution\"}]},{\"@type\":\"WebSite\",\"@id\":\"https:\/\/www.netbet.ro\/blog\/#website\",\"url\":\"https:\/\/www.netbet.ro\/blog\/\",\"name\":\"NetBet Blog Romania\",\"description\":\"Facem pariurile mai interesante\",\"potentialAction\":[{\"@type\":\"SearchAction\",\"target\":{\"@type\":\"EntryPoint\",\"urlTemplate\":\"https:\/\/www.netbet.ro\/blog\/?s={search_term_string}\"},\"query-input\":{\"@type\":\"PropertyValueSpecification\",\"valueRequired\":true,\"valueName\":\"search_term_string\"}}],\"inLanguage\":\"en-US\"}]}<\/script>\n<!-- \/ Yoast SEO plugin. -->","yoast_head_json":{"title":"Tutorial NetBet Casino | Vouchere Free Play pentru jocurile live de la Evolution","robots":{"index":"index","follow":"follow","max-snippet":"max-snippet:-1","max-image-preview":"max-image-preview:large","max-video-preview":"max-video-preview:-1"},"canonical":"https:\/\/www.netbet.ro\/blog\/tutorial-netbet-casino-vouchere-free-play-pentru-jocurile-live-de-la-evolution\/","og_locale":"en_US","og_type":"article","og_title":"Tutorial NetBet Casino | Vouchere Free Play pentru jocurile live de la Evolution","og_description":"C\u00e2teva din cele mai r\u00e2vnite cadouri din cazinourile online sunt voucherele gratuite pentru jocuri live. NetBet, \u00eempreun\u0103 cu furnizorul Evolution,","og_url":"https:\/\/www.netbet.ro\/blog\/tutorial-netbet-casino-vouchere-free-play-pentru-jocurile-live-de-la-evolution\/","og_site_name":"NetBet Blog Romania","article_publisher":"https:\/\/www.facebook.com\/netbetcom","og_image":[{"width":1919,"height":1079,"url":"https:\/\/www.netbet.ro\/blog\/wp-content\/uploads\/2021\/07\/tutorial-voucher-free-play.png","type":"image\/png"}],"twitter_card":"summary_large_image","twitter_title":"Tutorial NetBet Casino | Vouchere Free Play pentru jocurile live de la Evolution","twitter_image":"https:\/\/www.netbet.ro\/blog\/wp-content\/uploads\/2021\/07\/tutorial-voucher-free-play.png","twitter_site":"@netbet","twitter_misc":{"Est. reading time":"3 minutes"},"schema":{"@context":"https:\/\/schema.org","@graph":[{"@type":"WebPage","@id":"https:\/\/www.netbet.ro\/blog\/tutorial-netbet-casino-vouchere-free-play-pentru-jocurile-live-de-la-evolution\/","url":"https:\/\/www.netbet.ro\/blog\/tutorial-netbet-casino-vouchere-free-play-pentru-jocurile-live-de-la-evolution\/","name":"Tutorial NetBet Casino | Vouchere Free Play pentru jocurile live de la Evolution","isPartOf":{"@id":"https:\/\/www.netbet.ro\/blog\/#website"},"primaryImageOfPage":{"@id":"https:\/\/www.netbet.ro\/blog\/tutorial-netbet-casino-vouchere-free-play-pentru-jocurile-live-de-la-evolution\/#primaryimage"},"image":{"@id":"https:\/\/www.netbet.ro\/blog\/tutorial-netbet-casino-vouchere-free-play-pentru-jocurile-live-de-la-evolution\/#primaryimage"},"thumbnailUrl":"https:\/\/www.netbet.ro\/blog\/wp-content\/uploads\/2021\/07\/tutorial-voucher-free-play.png","datePublished":"2021-07-01T08:38:12+00:00","breadcrumb":{"@id":"https:\/\/www.netbet.ro\/blog\/tutorial-netbet-casino-vouchere-free-play-pentru-jocurile-live-de-la-evolution\/#breadcrumb"},"inLanguage":"en-US","potentialAction":[{"@type":"ReadAction","target":["https:\/\/www.netbet.ro\/blog\/tutorial-netbet-casino-vouchere-free-play-pentru-jocurile-live-de-la-evolution\/"]}]},{"@type":"ImageObject","inLanguage":"en-US","@id":"https:\/\/www.netbet.ro\/blog\/tutorial-netbet-casino-vouchere-free-play-pentru-jocurile-live-de-la-evolution\/#primaryimage","url":"https:\/\/www.netbet.ro\/blog\/wp-content\/uploads\/2021\/07\/tutorial-voucher-free-play.png","contentUrl":"https:\/\/www.netbet.ro\/blog\/wp-content\/uploads\/2021\/07\/tutorial-voucher-free-play.png","width":1919,"height":1079},{"@type":"BreadcrumbList","@id":"https:\/\/www.netbet.ro\/blog\/tutorial-netbet-casino-vouchere-free-play-pentru-jocurile-live-de-la-evolution\/#breadcrumb","itemListElement":[{"@type":"ListItem","position":1,"name":"Home","item":"https:\/\/www.netbet.ro\/blog\/"},{"@type":"ListItem","position":2,"name":"Tutorial NetBet Casino | Vouchere Free Play pentru jocurile live de la Evolution"}]},{"@type":"WebSite","@id":"https:\/\/www.netbet.ro\/blog\/#website","url":"https:\/\/www.netbet.ro\/blog\/","name":"NetBet Blog Romania","description":"Facem pariurile mai interesante","potentialAction":[{"@type":"SearchAction","target":{"@type":"EntryPoint","urlTemplate":"https:\/\/www.netbet.ro\/blog\/?s={search_term_string}"},"query-input":{"@type":"PropertyValueSpecification","valueRequired":true,"valueName":"search_term_string"}}],"inLanguage":"en-US"}]}},"amp_enabled":true,"_links":{"self":[{"href":"https:\/\/www.netbet.ro\/blog\/wp-json\/wp\/v2\/pages\/6427","targetHints":{"allow":["GET"]}}],"collection":[{"href":"https:\/\/www.netbet.ro\/blog\/wp-json\/wp\/v2\/pages"}],"about":[{"href":"https:\/\/www.netbet.ro\/blog\/wp-json\/wp\/v2\/types\/page"}],"author":[{"embeddable":true,"href":"https:\/\/www.netbet.ro\/blog\/wp-json\/wp\/v2\/users\/6"}],"replies":[{"embeddable":true,"href":"https:\/\/www.netbet.ro\/blog\/wp-json\/wp\/v2\/comments?post=6427"}],"version-history":[{"count":1,"href":"https:\/\/www.netbet.ro\/blog\/wp-json\/wp\/v2\/pages\/6427\/revisions"}],"predecessor-version":[{"id":6438,"href":"https:\/\/www.netbet.ro\/blog\/wp-json\/wp\/v2\/pages\/6427\/revisions\/6438"}],"wp:featuredmedia":[{"embeddable":true,"href":"https:\/\/www.netbet.ro\/blog\/wp-json\/wp\/v2\/media\/6436"}],"wp:attachment":[{"href":"https:\/\/www.netbet.ro\/blog\/wp-json\/wp\/v2\/media?parent=6427"}],"curies":[{"name":"wp","href":"https:\/\/api.w.org\/{rel}","templated":true}]}}